{"id":3141,"date":"2021-06-24T10:50:58","date_gmt":"2021-06-24T08:50:58","guid":{"rendered":"https:\/\/gjestgiveriet.3wstaging.nl\/ulvsvag\/"},"modified":"2025-04-30T13:23:11","modified_gmt":"2025-04-30T11:23:11","slug":"ulvsvag","status":"publish","type":"page","link":"https:\/\/gjestgiveriet.net\/nl\/ulvsvag\/","title":{"rendered":"Ulvsv\u00e5g"},"content":{"rendered":"\r\n<div class=\"wp-block-columns is-layout-flex wp-container-core-columns-is-layout-9d6595d7 wp-block-columns-is-layout-flex\">\r\n<div class=\"wp-block-column is-layout-flow wp-block-column-is-layout-flow\">\r\n<p><strong>Ulvsv\u00e5g is een dorp met ongeveer 300 inwoners, gelegen langs de E6 in de gemeente Hamar\u00f8y in de provincie Nordland. Dankzij de korte afstanden naar de steden Narvik, Sortland, Svolv\u00e6r en Bod\u00f8 is het een handige uitvalsbasis.<\/strong><\/p>\r\n<\/div>\r\n\r\n\r\n\r\n<div class=\"wp-block-column is-layout-flow wp-block-column-is-layout-flow\">\r\n<p>Naast de faciliteiten van het pension en de camping heeft Ulvsv\u00e5g een supermarkt en een autoreparatiewerkplaats. Het hoofdkantoor van Nord Salten Kraftlag is gevestigd in Ulvsv\u00e5g. Het gebied in en rond Ulvsv\u00e5g is een van de mooiste die Nordland te bieden heeft. Met de Lofoten Muur en de middernachtzon in het noorden en ideale omstandigheden voor diepzeevissen, zoetwatervissen en bergwandelen, is Ulvsv\u00e5g een fantastisch startpunt voor werkelijk opmerkelijke natuurervaringen.<\/p>\r\n\r\n\r\n\r\n<p>Vanuit Ulvsv\u00e5g Gjestgiveri bereik je binnen enkele minuten een geweldig berggebied, of je nu wilt wandelen, ski\u00ebn of vissen in een van de vele nabijgelegen meren. Op minder dan twee kilometer van het pension, ten zuiden van de E6, op een hoogte van 700 meter, ligt Ulvsv\u00e5gskaret met geprepareerde paden voor lange en verfrissende skitochten tot ver in het voorjaar.<\/p>\r\n\r\n\r\n\r\n<p>Beschut tegen de open zee en de Vestfjord, biedt de Ulvsv\u00e5g-archipel kalme wateren waar zelfs de meest onervaren vissers of kajakkers zich kunnen wagen zonder bang te hoeven zijn verrast te worden door ruwe zee\u00ebn.<\/p>\r\n\r\n\r\n\r\n<p>U bent van harte welkom om ons te bezoeken! Neem contact met ons op via telefoon: <a href=\"tel:4775771573\">+47 75 77 15 73<\/a> of e-mail: <a href=\"mailto:post@gjestgiveriet.net\">post@gjestgiveriet.net<\/a><\/p>\r\n<\/div>\r\n<\/div>\r\n","protected":false},"excerpt":{"rendered":"<p>Ulvsv\u00e5g is een dorp met ongeveer 300 inwoners, gelegen langs de E6 in de gemeente Hamar\u00f8y in de provincie Nordland. &#8230;<\/p>\n","protected":false},"author":2,"featured_media":0,"parent":0,"menu_order":0,"comment_status":"closed","ping_status":"closed","template":"","meta":{"_acf_changed":false,"inline_featured_image":false,"footnotes":""},"class_list":["post-3141","page","type-page","status-publish","hentry"],"acf":[],"_links":{"self":[{"href":"https:\/\/gjestgiveriet.net\/nl\/wp-json\/wp\/v2\/pages\/3141","targetHints":{"allow":["GET"]}}],"collection":[{"href":"https:\/\/gjestgiveriet.net\/nl\/wp-json\/wp\/v2\/pages"}],"about":[{"href":"https:\/\/gjestgiveriet.net\/nl\/wp-json\/wp\/v2\/types\/page"}],"author":[{"embeddable":true,"href":"https:\/\/gjestgiveriet.net\/nl\/wp-json\/wp\/v2\/users\/2"}],"replies":[{"embeddable":true,"href":"https:\/\/gjestgiveriet.net\/nl\/wp-json\/wp\/v2\/comments?post=3141"}],"version-history":[{"count":3,"href":"https:\/\/gjestgiveriet.net\/nl\/wp-json\/wp\/v2\/pages\/3141\/revisions"}],"predecessor-version":[{"id":3353,"href":"https:\/\/gjestgiveriet.net\/nl\/wp-json\/wp\/v2\/pages\/3141\/revisions\/3353"}],"wp:attachment":[{"href":"https:\/\/gjestgiveriet.net\/nl\/wp-json\/wp\/v2\/media?parent=3141"}],"curies":[{"name":"wp","href":"https:\/\/api.w.org\/{rel}","templated":true}]}}