{"id":117,"date":"2021-06-24T10:50:58","date_gmt":"2021-06-24T08:50:58","guid":{"rendered":"https:\/\/www.gjestgiveriet.net\/?page_id=117"},"modified":"2025-04-30T09:03:38","modified_gmt":"2025-04-30T07:03:38","slug":"ulvsvag","status":"publish","type":"page","link":"https:\/\/gjestgiveriet.net\/en\/ulvsvag\/","title":{"rendered":"Ulvsv\u00e5g"},"content":{"rendered":"\n<div class=\"wp-block-columns is-layout-flex wp-container-core-columns-is-layout-9d6595d7 wp-block-columns-is-layout-flex\">\n<div class=\"wp-block-column is-layout-flow wp-block-column-is-layout-flow\">\n<p><strong>Ulvsv\u00e5g is a village with about 300 inhabitants, located along the E6 in the municipality of Hamar\u00f8y in the county of Nordland. Thanks to the short distances to the cities of Narvik, Sortland, Svolv\u00e6r, and Bod\u00f8, it\u2019s a convenient base.<\/strong><\/p>\n<\/div>\n\n\n\n<div class=\"wp-block-column is-layout-flow wp-block-column-is-layout-flow\">\n<p>In addition to the facilities of the guesthouse and campsite, Ulvsv\u00e5g has a supermarket and a car repair workshop. The headquarters of Nord Salten Kraftlag is located in Ulvsv\u00e5g. The area in and around Ulvsv\u00e5g is one of the most beautiful that Nordland has to offer. With the Lofoten Wall and the Midnight Sun to the north and ideal conditions for deep-sea fishing, freshwater fishing, and mountain hiking, Ulvsv\u00e5g is a fantastic starting point for truly remarkable nature experiences.<\/p>\n\n\n\n<p>From Ulvsv\u00e5g Gjestgiveri, you can reach amazing mountain terrain within minutes\u2014whether you want to hike, ski, or fish in one of the many nearby lakes. Less than two kilometers from the guesthouse, south of the E6, at an altitude of 700 meters, lies Ulvsv\u00e5gskaret with groomed trails for long and refreshing ski tours well into the spring.<\/p>\n\n\n\n<p>Sheltered from the open sea and the Vestfjord, the Ulvsv\u00e5g archipelago offers calm waters where even the most inexperienced fishermen or kayakers can venture out without fear of being surprised by rough seas.<\/p>\n\n\n\n<p>You are very welcome to visit us!<br>Contact us via phone: <a href=\"tel:4775771573\">+47 75 77 15 73<\/a> or email: <a href=\"mailto:post@gjestgiveriet.net\">post@gjestgiveriet.net<\/a><\/p>\n<\/div>\n<\/div>\n","protected":false},"excerpt":{"rendered":"<p>Ulvsv\u00e5g is a village with about 300 inhabitants, located along the E6 in the municipality of Hamar\u00f8y in the county &#8230;<\/p>\n","protected":false},"author":2,"featured_media":0,"parent":0,"menu_order":0,"comment_status":"closed","ping_status":"closed","template":"","meta":{"_acf_changed":false,"inline_featured_image":false,"footnotes":""},"class_list":["post-117","page","type-page","status-publish","hentry"],"acf":[],"_links":{"self":[{"href":"https:\/\/gjestgiveriet.net\/en\/wp-json\/wp\/v2\/pages\/117","targetHints":{"allow":["GET"]}}],"collection":[{"href":"https:\/\/gjestgiveriet.net\/en\/wp-json\/wp\/v2\/pages"}],"about":[{"href":"https:\/\/gjestgiveriet.net\/en\/wp-json\/wp\/v2\/types\/page"}],"author":[{"embeddable":true,"href":"https:\/\/gjestgiveriet.net\/en\/wp-json\/wp\/v2\/users\/2"}],"replies":[{"embeddable":true,"href":"https:\/\/gjestgiveriet.net\/en\/wp-json\/wp\/v2\/comments?post=117"}],"version-history":[{"count":11,"href":"https:\/\/gjestgiveriet.net\/en\/wp-json\/wp\/v2\/pages\/117\/revisions"}],"predecessor-version":[{"id":3208,"href":"https:\/\/gjestgiveriet.net\/en\/wp-json\/wp\/v2\/pages\/117\/revisions\/3208"}],"wp:attachment":[{"href":"https:\/\/gjestgiveriet.net\/en\/wp-json\/wp\/v2\/media?parent=117"}],"curies":[{"name":"wp","href":"https:\/\/api.w.org\/{rel}","templated":true}]}}