{"id":3258,"date":"2025-04-30T10:08:06","date_gmt":"2025-04-30T08:08:06","guid":{"rendered":"https:\/\/gjestgiveriet.net\/?page_id=3258"},"modified":"2025-04-30T10:08:08","modified_gmt":"2025-04-30T08:08:08","slug":"datenschutzrichtlinie","status":"publish","type":"page","link":"https:\/\/gjestgiveriet.net\/de\/datenschutzrichtlinie\/","title":{"rendered":"Datenschutzrichtlinie"},"content":{"rendered":"\n<p><strong>Wer wir sind<\/strong><br>Die Adresse unserer Website lautet: <a href=\"https:\/\/gjestgiveriet.net\/\">https:\/\/gjestgiveriet.net<\/a><\/p>\n\n\n\n<p><strong>Kommentare<\/strong><br>Wenn Besucher Kommentare auf der Website hinterlassen, erfassen wir die im Kommentarformular angezeigten Daten zusammen mit der IP-Adresse des Besuchers und der User-Agent-Zeichenfolge des Browsers, um Spam zu erkennen.<\/p>\n\n\n\n<p>Eine anonymisierte Zeichenfolge, die aus Ihrer E-Mail-Adresse erstellt wurde (auch als Hash bezeichnet), kann an den Gravatar-Dienst gesendet werden, um zu sehen, ob Sie ihn verwenden. Die Datenschutzerkl\u00e4rung des Gravatar-Dienstes finden Sie hier: <a href=\"https:\/\/automattic.com\/privacy\/\">https:\/\/automattic.com\/privacy\/<\/a>. Nachdem Ihr Kommentar genehmigt wurde, ist Ihr Profilbild im Kontext Ihres Kommentars f\u00fcr die \u00d6ffentlichkeit sichtbar.<\/p>\n\n\n\n<p><strong>Medien<\/strong><br>Wenn Sie Bilder auf die Website hochladen, sollten Sie das Hochladen von Bildern mit eingebetteten Standortdaten (EXIF-GPS) vermeiden. Besucher der Website k\u00f6nnen alle Standortdaten aus Bildern auf der Website herunterladen und extrahieren.<\/p>\n\n\n\n<p><strong>Cookies<\/strong><br>Wenn Sie einen Kommentar auf unserer Website hinterlassen, k\u00f6nnen Sie sich daf\u00fcr entscheiden, Ihren Namen, Ihre E-Mail-Adresse und Ihre Website in Cookies zu speichern. Diese dienen Ihrer Bequemlichkeit, damit Sie Ihre Daten nicht erneut eingeben m\u00fcssen, wenn Sie einen weiteren Kommentar hinterlassen. Diese Cookies haben eine Lebensdauer von einem Jahr.<\/p>\n\n\n\n<p>Wenn Sie unsere Anmeldeseite besuchen, setzen wir ein tempor\u00e4res Cookie, um festzustellen, ob Ihr Browser Cookies akzeptiert. Dieses Cookie enth\u00e4lt keine personenbezogenen Daten und wird verworfen, wenn Sie Ihren Browser schlie\u00dfen.<\/p>\n\n\n\n<p>Wenn Sie sich anmelden, richten wir auch Cookies ein, um Ihre Anmeldeinformationen und Ihre Bildschirmanzeigeoptionen zu speichern. Login-Cookies sind zwei Tage lang g\u00fcltig, und Cookies f\u00fcr Bildschirmoptionen sind ein Jahr lang g\u00fcltig. Wenn Sie &#8222;Angemeldet bleiben&#8220; ausw\u00e4hlen, bleibt Ihr Login zwei Wochen lang bestehen. Wenn Sie sich von Ihrem Konto abmelden, werden die Login-Cookies entfernt.<\/p>\n\n\n\n<p>Wenn Sie einen Artikel bearbeiten oder ver\u00f6ffentlichen, wird ein zus\u00e4tzliches Cookie in Ihrem Browser gespeichert. Dieses Cookie enth\u00e4lt keine personenbezogenen Daten und gibt lediglich die Beitrags-ID des Artikels an, den Sie gerade bearbeitet haben. Er l\u00e4uft nach einem Tag ab.<\/p>\n\n\n\n<p><strong>Eingebettete Inhalte von anderen Websites<\/strong><br>Artikel auf dieser Website k\u00f6nnen eingebettete Inhalte (z. B. Videos, Bilder, Artikel usw.) enthalten. Eingebettete Inhalte von anderen Websites verhalten sich genau so, als ob der Besucher die andere Website besucht h\u00e4tte.<\/p>\n\n\n\n<p>Diese Websites k\u00f6nnen Daten \u00fcber Sie sammeln, Cookies verwenden, zus\u00e4tzliches Tracking von Drittanbietern einbetten und Ihre Interaktion mit diesen eingebetteten Inhalten \u00fcberwachen, einschlie\u00dflich der Verfolgung Ihrer Interaktion, wenn Sie ein Konto haben und auf dieser Website angemeldet sind.<\/p>\n\n\n\n<p><strong>An wen wir Ihre Daten weitergeben<\/strong><br>Wenn Sie ein Zur\u00fccksetzen des Passworts anfordern, wird Ihre IP-Adresse in der E-Mail zum Zur\u00fccksetzen angegeben.<\/p>\n\n\n\n<p><strong>Wie lange wir Ihre Daten aufbewahren<\/strong><br>Wenn Sie einen Kommentar hinterlassen, bleiben der Kommentar und seine Metadaten auf unbestimmte Zeit erhalten. Dies erm\u00f6glicht es uns, Folgekommentare automatisch zu erkennen und zu genehmigen, anstatt sie in einer Moderationswarteschlange zu halten.<\/p>\n\n\n\n<p>F\u00fcr Nutzer, die sich auf unserer Website registrieren (falls zutreffend), speichern wir die angegebenen personenbezogenen Daten in ihrem Benutzerprofil. Alle Benutzer k\u00f6nnen ihre pers\u00f6nlichen Daten jederzeit einsehen, bearbeiten oder l\u00f6schen, mit Ausnahme ihres Benutzernamens. Website-Administratoren k\u00f6nnen diese Informationen ebenfalls anzeigen und bearbeiten.<\/p>\n\n\n\n<p><strong>Ihre Rechte an Ihren Daten<\/strong><br>Wenn Sie ein Konto auf dieser Website haben oder Kommentare hinterlassen haben, k\u00f6nnen Sie eine exportierte Datei der personenbezogenen Daten anfordern, die wir \u00fcber Sie gespeichert haben. Sie k\u00f6nnen auch verlangen, dass wir alle von uns gespeicherten personenbezogenen Daten l\u00f6schen, mit Ausnahme von Daten, die wir aus administrativen, rechtlichen oder Sicherheitsgr\u00fcnden aufbewahren m\u00fcssen.<\/p>\n\n\n\n<p><strong>Wohin wir Ihre Daten senden<\/strong><br>Besucherkommentare k\u00f6nnen durch einen automatisierten Spam-Erkennungsdienst \u00fcberpr\u00fcft werden.<\/p>\n\n\n\n<p><\/p>\n","protected":false},"excerpt":{"rendered":"<p>Wer wir sindDie Adresse unserer Website lautet: https:\/\/gjestgiveriet.net KommentareWenn Besucher Kommentare auf der Website hinterlassen, erfassen wir die im Kommentarformular &#8230;<\/p>\n","protected":false},"author":5,"featured_media":0,"parent":0,"menu_order":0,"comment_status":"closed","ping_status":"open","template":"","meta":{"_acf_changed":false,"inline_featured_image":false,"footnotes":""},"class_list":["post-3258","page","type-page","status-publish","hentry"],"acf":[],"_links":{"self":[{"href":"https:\/\/gjestgiveriet.net\/de\/wp-json\/wp\/v2\/pages\/3258","targetHints":{"allow":["GET"]}}],"collection":[{"href":"https:\/\/gjestgiveriet.net\/de\/wp-json\/wp\/v2\/pages"}],"about":[{"href":"https:\/\/gjestgiveriet.net\/de\/wp-json\/wp\/v2\/types\/page"}],"author":[{"embeddable":true,"href":"https:\/\/gjestgiveriet.net\/de\/wp-json\/wp\/v2\/users\/5"}],"replies":[{"embeddable":true,"href":"https:\/\/gjestgiveriet.net\/de\/wp-json\/wp\/v2\/comments?post=3258"}],"version-history":[{"count":1,"href":"https:\/\/gjestgiveriet.net\/de\/wp-json\/wp\/v2\/pages\/3258\/revisions"}],"predecessor-version":[{"id":3261,"href":"https:\/\/gjestgiveriet.net\/de\/wp-json\/wp\/v2\/pages\/3258\/revisions\/3261"}],"wp:attachment":[{"href":"https:\/\/gjestgiveriet.net\/de\/wp-json\/wp\/v2\/media?parent=3258"}],"curies":[{"name":"wp","href":"https:\/\/api.w.org\/{rel}","templated":true}]}}