{"id":3066,"date":"2024-06-10T14:31:38","date_gmt":"2024-06-10T12:31:38","guid":{"rendered":"https:\/\/gjestgiveriet.3wstaging.nl\/succes\/"},"modified":"2024-06-10T14:35:54","modified_gmt":"2024-06-10T12:35:54","slug":"succes","status":"publish","type":"page","link":"https:\/\/gjestgiveriet.net\/de\/succes\/","title":{"rendered":"Danke"},"content":{"rendered":"\n<p>Vielen Dank f\u00fcr Ihre Reservierung, wir freuen uns auf Ihren Besuch! Sie erhalten von uns eine Best\u00e4tigung per E-Mail. Haben Sie Fragen zu Ihrer Buchung oder w\u00fcnschen Sie weitere Informationen? Bitte z\u00f6gern Sie nicht, uns zu kontaktieren.<\/p>\n","protected":false},"excerpt":{"rendered":"<p>Vielen Dank f\u00fcr Ihre Reservierung, wir freuen uns auf Ihren Besuch! Sie erhalten von uns eine Best\u00e4tigung per E-Mail. Haben &#8230;<\/p>\n","protected":false},"author":5,"featured_media":0,"parent":0,"menu_order":0,"comment_status":"closed","ping_status":"closed","template":"","meta":{"_acf_changed":false,"inline_featured_image":false,"footnotes":""},"class_list":["post-3066","page","type-page","status-publish","hentry"],"acf":[],"_links":{"self":[{"href":"https:\/\/gjestgiveriet.net\/de\/wp-json\/wp\/v2\/pages\/3066","targetHints":{"allow":["GET"]}}],"collection":[{"href":"https:\/\/gjestgiveriet.net\/de\/wp-json\/wp\/v2\/pages"}],"about":[{"href":"https:\/\/gjestgiveriet.net\/de\/wp-json\/wp\/v2\/types\/page"}],"author":[{"embeddable":true,"href":"https:\/\/gjestgiveriet.net\/de\/wp-json\/wp\/v2\/users\/5"}],"replies":[{"embeddable":true,"href":"https:\/\/gjestgiveriet.net\/de\/wp-json\/wp\/v2\/comments?post=3066"}],"version-history":[{"count":1,"href":"https:\/\/gjestgiveriet.net\/de\/wp-json\/wp\/v2\/pages\/3066\/revisions"}],"predecessor-version":[{"id":3069,"href":"https:\/\/gjestgiveriet.net\/de\/wp-json\/wp\/v2\/pages\/3066\/revisions\/3069"}],"wp:attachment":[{"href":"https:\/\/gjestgiveriet.net\/de\/wp-json\/wp\/v2\/media?parent=3066"}],"curies":[{"name":"wp","href":"https:\/\/api.w.org\/{rel}","templated":true}]}}