{"id":2961,"date":"2024-06-03T15:43:19","date_gmt":"2024-06-03T13:43:19","guid":{"rendered":"https:\/\/gjestgiveriet.3wstaging.nl\/unsere-kabinen\/seahouses-2\/"},"modified":"2025-08-05T15:39:35","modified_gmt":"2025-08-05T13:39:35","slug":"seahouses-2","status":"publish","type":"page","link":"https:\/\/gjestgiveriet.net\/de\/unsere-kabinen\/seahouses-2\/","title":{"rendered":"Seahouses 2"},"content":{"rendered":"<p>[vc_section css=&#8220;.vc_custom_1717057961691{padding-top: 0px !important;}&#8220;][vc_row][vc_column width=&#8220;1\/2&#8243;][vc_column_text]<\/p>\n<p class=\"western\" lang=\"de-DE\">Seahut ist die H\u00e4lfte einer Doppelwohnung mit Meerblick und einem atemberaubenden Blick auf den Fjord, den Sie auch von der Veranda aus genie\u00dfen k\u00f6nnen.<\/p>\n<p class=\"western\" lang=\"de-DE\">Jede Einheit verf\u00fcgt \u00fcber ein eigenes Schlafzimmer mit einem vorgefertigten Doppelbett unten und einem Einzelbett oben. Ein kleines Badezimmer mit Duschkabine, Waschbecken und WC. Das Wohnzimmer verf\u00fcgt \u00fcber eine Sitzecke, einen Wasserkocher und einen K\u00fchlschrank. Sie k\u00f6nnen die Gemeinschaftsk\u00fcche im selben Geb\u00e4ude nutzen. Im Wohnzimmer befindet sich ein Schlafsofa, das gegen einen Aufpreis von 250 NOK pro Bettw\u00e4scheset genutzt werden kann. (Die Verwendung Ihrer eigenen Bettw\u00e4sche ist nicht erlaubt.)Handt\u00fccher und Bettw\u00e4sche (f\u00fcr 2 Personen) sind im Preis inbegriffen und wir reinigen die Kabine f\u00fcr Sie. Kostenloses WLAN und Parkpl\u00e4tze stehen direkt neben der H\u00fctte zur Verf\u00fcgung.<\/p>\n<p>[\/vc_column_text][\/vc_column][vc_column width=&#8220;1\/2&#8243;][vc_gallery interval=&#8220;3&#8243; images=&#8220;3688,3692,3696,3700,3680,3684&#8243; img_size=&#8220;large&#8220;][\/vc_column][\/vc_row][\/vc_section][vc_section][vc_row][vc_column]    <div id=\"TommyBookingSupport\"\n\t\tdata-widget=\"boeken\"\n\t\tdata-apikey=\"90b303a74db7b55640caa82bce2ab14397571a314027aa78430e2cd91c3c4c23\"\n\t\tdata-account=\"Fjordcamping\"\n\t\tdata-language=\"de\"\n\t\tdata-accommodatie=64078\t\tdata-google-analytics='UA-9982469-1'\n\t\tdata-scroll='false'\n\t\tdata-kalenderdatum='2026-04-13'\n        data-algemene-voorwaarden='https:\/\/gjestgiveriet.net\/salgsbetingelser\/'\n      data-url-success=\"https:\/\/gjestgiveriet.net\/de\/succes\/\"\n\t data-url-error=\"https:\/\/gjestgiveriet.net\/de\/error-message\/\"\n\t data-url-privacy=\"https:\/\/gjestgiveriet.net\/de\/datenschutzrichtlinie\/\"\n\t\t >\n\t<\/div>\n\n    <script src=\"https:\/\/api.tommybookingsupport.com\/widgets\/js\/widget.js\" type=\"application\/javascript\" language=\"javascript\"><\/script>\n    [\/vc_column][\/vc_row][\/vc_section]<\/p>\n","protected":false},"excerpt":{"rendered":"<p>[vc_section css=&#8220;.vc_custom_1717057961691{padding-top: 0px !important;}&#8220;][vc_row][vc_column width=&#8220;1\/2&#8243;][vc_column_text] Seahut ist die H\u00e4lfte einer Doppelwohnung mit Meerblick und einem atemberaubenden Blick auf den Fjord, &#8230;<\/p>\n","protected":false},"author":5,"featured_media":0,"parent":2911,"menu_order":0,"comment_status":"closed","ping_status":"closed","template":"","meta":{"_acf_changed":false,"inline_featured_image":false,"footnotes":""},"class_list":["post-2961","page","type-page","status-publish","hentry"],"acf":[],"_links":{"self":[{"href":"https:\/\/gjestgiveriet.net\/de\/wp-json\/wp\/v2\/pages\/2961","targetHints":{"allow":["GET"]}}],"collection":[{"href":"https:\/\/gjestgiveriet.net\/de\/wp-json\/wp\/v2\/pages"}],"about":[{"href":"https:\/\/gjestgiveriet.net\/de\/wp-json\/wp\/v2\/types\/page"}],"author":[{"embeddable":true,"href":"https:\/\/gjestgiveriet.net\/de\/wp-json\/wp\/v2\/users\/5"}],"replies":[{"embeddable":true,"href":"https:\/\/gjestgiveriet.net\/de\/wp-json\/wp\/v2\/comments?post=2961"}],"version-history":[{"count":4,"href":"https:\/\/gjestgiveriet.net\/de\/wp-json\/wp\/v2\/pages\/2961\/revisions"}],"predecessor-version":[{"id":3708,"href":"https:\/\/gjestgiveriet.net\/de\/wp-json\/wp\/v2\/pages\/2961\/revisions\/3708"}],"up":[{"embeddable":true,"href":"https:\/\/gjestgiveriet.net\/de\/wp-json\/wp\/v2\/pages\/2911"}],"wp:attachment":[{"href":"https:\/\/gjestgiveriet.net\/de\/wp-json\/wp\/v2\/media?parent=2961"}],"curies":[{"name":"wp","href":"https:\/\/api.w.org\/{rel}","templated":true}]}}