{"id":2949,"date":"2024-06-03T15:38:39","date_gmt":"2024-06-03T13:38:39","guid":{"rendered":"https:\/\/gjestgiveriet.3wstaging.nl\/unsere-kabinen\/portveien-1\/"},"modified":"2025-08-05T15:23:20","modified_gmt":"2025-08-05T13:23:20","slug":"portveien-1","status":"publish","type":"page","link":"https:\/\/gjestgiveriet.net\/de\/unsere-kabinen\/portveien-1\/","title":{"rendered":"Portveien 1"},"content":{"rendered":"<p>[vc_section css=&#8220;.vc_custom_1717057961691{padding-top: 0px !important;}&#8220;][vc_row][vc_column width=&#8220;1\/2&#8243;][vc_column_text]Portveien ist ein Ferienhaus mit zwei Wohneinheiten nebeneinander. Jede Einheit verf\u00fcgt \u00fcber eine private Veranda mit herrlichem Blick auf den Fjord, die Berge und den Campingplatz.<br \/>\nEs gibt ein Wohnzimmer mit einer Sitzecke und eine K\u00fcchenzeile mit Kochplatten, K\u00fchlschrank und Wasserkocher. Grundlegendes Besteck und Kochutensilien sind vorhanden. Im separaten Schlafzimmer befindet sich ein voll bezogenes Etagenbett mit einem Doppelbett unten und einem Einzelbett oben. Das separate gro\u00dfe Badezimmer verf\u00fcgt \u00fcber eine Duschkabine, ein Waschbecken und eine Toilette. Handt\u00fccher und Bettw\u00e4sche (f\u00fcr 2 Personen) sind im Preis inbegriffen und wir reinigen die Kabine f\u00fcr Sie. Im Wohnzimmer befindet sich ein Schlafsofa, das gegen einen Aufpreis von 250 NOK pro Bettw\u00e4scheset genutzt werden kann. (Die Verwendung Ihrer eigenen Bettw\u00e4sche ist nicht erlaubt.)Kostenloses WLAN und Parkpl\u00e4tze stehen zur Verf\u00fcgung.[\/vc_column_text][\/vc_column][vc_column width=&#8220;1\/2&#8243;][vc_gallery interval=&#8220;3&#8243; images=&#8220;3663,3659,3655,3651,3647,3643&#8243; img_size=&#8220;large&#8220;][\/vc_column][\/vc_row][\/vc_section][vc_section][vc_row][vc_column]    <div id=\"TommyBookingSupport\"\n\t\tdata-widget=\"boeken\"\n\t\tdata-apikey=\"90b303a74db7b55640caa82bce2ab14397571a314027aa78430e2cd91c3c4c23\"\n\t\tdata-account=\"Fjordcamping\"\n\t\tdata-language=\"de\"\n\t\tdata-accommodatie=63991\t\tdata-google-analytics='UA-9982469-1'\n\t\tdata-scroll='false'\n\t\tdata-kalenderdatum='2026-04-14'\n        data-algemene-voorwaarden='https:\/\/gjestgiveriet.net\/salgsbetingelser\/'\n      data-url-success=\"https:\/\/gjestgiveriet.net\/de\/succes\/\"\n\t data-url-error=\"https:\/\/gjestgiveriet.net\/de\/error-message\/\"\n\t data-url-privacy=\"https:\/\/gjestgiveriet.net\/de\/datenschutzrichtlinie\/\"\n\t\t >\n\t<\/div>\n\n    <script src=\"https:\/\/api.tommybookingsupport.com\/widgets\/js\/widget.js\" type=\"application\/javascript\" language=\"javascript\"><\/script>\n    [\/vc_column][\/vc_row][\/vc_section]<\/p>\n","protected":false},"excerpt":{"rendered":"<p>[vc_section css=&#8220;.vc_custom_1717057961691{padding-top: 0px !important;}&#8220;][vc_row][vc_column width=&#8220;1\/2&#8243;][vc_column_text]Portveien ist ein Ferienhaus mit zwei Wohneinheiten nebeneinander. Jede Einheit verf\u00fcgt \u00fcber eine private Veranda mit &#8230;<\/p>\n","protected":false},"author":5,"featured_media":0,"parent":2911,"menu_order":0,"comment_status":"closed","ping_status":"closed","template":"","meta":{"_acf_changed":false,"inline_featured_image":false,"footnotes":""},"class_list":["post-2949","page","type-page","status-publish","hentry"],"acf":[],"_links":{"self":[{"href":"https:\/\/gjestgiveriet.net\/de\/wp-json\/wp\/v2\/pages\/2949","targetHints":{"allow":["GET"]}}],"collection":[{"href":"https:\/\/gjestgiveriet.net\/de\/wp-json\/wp\/v2\/pages"}],"about":[{"href":"https:\/\/gjestgiveriet.net\/de\/wp-json\/wp\/v2\/types\/page"}],"author":[{"embeddable":true,"href":"https:\/\/gjestgiveriet.net\/de\/wp-json\/wp\/v2\/users\/5"}],"replies":[{"embeddable":true,"href":"https:\/\/gjestgiveriet.net\/de\/wp-json\/wp\/v2\/comments?post=2949"}],"version-history":[{"count":4,"href":"https:\/\/gjestgiveriet.net\/de\/wp-json\/wp\/v2\/pages\/2949\/revisions"}],"predecessor-version":[{"id":3667,"href":"https:\/\/gjestgiveriet.net\/de\/wp-json\/wp\/v2\/pages\/2949\/revisions\/3667"}],"up":[{"embeddable":true,"href":"https:\/\/gjestgiveriet.net\/de\/wp-json\/wp\/v2\/pages\/2911"}],"wp:attachment":[{"href":"https:\/\/gjestgiveriet.net\/de\/wp-json\/wp\/v2\/media?parent=2949"}],"curies":[{"name":"wp","href":"https:\/\/api.w.org\/{rel}","templated":true}]}}