{"id":2933,"date":"2024-06-03T15:35:35","date_gmt":"2024-06-03T13:35:35","guid":{"rendered":"https:\/\/gjestgiveriet.3wstaging.nl\/unsere-kabinen\/cabin-44\/"},"modified":"2025-08-05T15:16:35","modified_gmt":"2025-08-05T13:16:35","slug":"kabine-44","status":"publish","type":"page","link":"https:\/\/gjestgiveriet.net\/de\/unsere-kabinen\/kabine-44\/","title":{"rendered":"Kabine 44"},"content":{"rendered":"<p>[vc_section css=&#8220;.vc_custom_1717057961691{padding-top: 0px !important;}&#8220;][vc_row][vc_column width=&#8220;1\/2&#8243;][vc_column_text]H\u00fctte 44 ist eine neu eingerichtete Blockh\u00fctte mit sch\u00f6ner Aussicht, die direkt am Meer am Fu\u00dfe des Campingplatzes liegt.<br \/>\nEin gem\u00fctlicher, kompakter Wohn-\/Schlafraum mit Sitzecke und einer kleinen K\u00fcchenzeile mit Kochplatten und K\u00fchlschrank. Grundlegendes Besteck und Kochutensilien sind vorhanden. Im selben Zimmer befindet sich ein Etagenbett mit einem Doppelbett unten und einem hohen Einzelbett in einem Winkel dahinter. Das Badezimmer befindet sich in einem separaten Raum mit WC, Waschbecken und Duschkabine. Handt\u00fccher und Bettw\u00e4sche sind im Preis inbegriffen, und wir reinigen die Kabine f\u00fcr Sie. Kostenloses WLAN und Parkpl\u00e4tze stehen direkt an der H\u00fctte zur Verf\u00fcgung.[\/vc_column_text][\/vc_column][vc_column width=&#8220;1\/2&#8243;][vc_gallery interval=&#8220;3&#8243; images=&#8220;3631,3627,3623,3619,3615&#8243; img_size=&#8220;large&#8220;][\/vc_column][\/vc_row][\/vc_section][vc_section][vc_row][vc_column]    <div id=\"TommyBookingSupport\"\n\t\tdata-widget=\"boeken\"\n\t\tdata-apikey=\"90b303a74db7b55640caa82bce2ab14397571a314027aa78430e2cd91c3c4c23\"\n\t\tdata-account=\"Fjordcamping\"\n\t\tdata-language=\"de\"\n\t\tdata-accommodatie=64000\t\tdata-google-analytics='UA-9982469-1'\n\t\tdata-scroll='false'\n\t\tdata-kalenderdatum='2026-04-14'\n        data-algemene-voorwaarden='https:\/\/gjestgiveriet.net\/salgsbetingelser\/'\n      data-url-success=\"https:\/\/gjestgiveriet.net\/de\/succes\/\"\n\t data-url-error=\"https:\/\/gjestgiveriet.net\/de\/error-message\/\"\n\t data-url-privacy=\"https:\/\/gjestgiveriet.net\/de\/datenschutzrichtlinie\/\"\n\t\t >\n\t<\/div>\n\n    <script src=\"https:\/\/api.tommybookingsupport.com\/widgets\/js\/widget.js\" type=\"application\/javascript\" language=\"javascript\"><\/script>\n    [\/vc_column][\/vc_row][\/vc_section]<\/p>\n","protected":false},"excerpt":{"rendered":"<p>[vc_section css=&#8220;.vc_custom_1717057961691{padding-top: 0px !important;}&#8220;][vc_row][vc_column width=&#8220;1\/2&#8243;][vc_column_text]H\u00fctte 44 ist eine neu eingerichtete Blockh\u00fctte mit sch\u00f6ner Aussicht, die direkt am Meer am Fu\u00dfe &#8230;<\/p>\n","protected":false},"author":5,"featured_media":0,"parent":2911,"menu_order":0,"comment_status":"closed","ping_status":"closed","template":"","meta":{"_acf_changed":false,"inline_featured_image":false,"footnotes":""},"class_list":["post-2933","page","type-page","status-publish","hentry"],"acf":[],"_links":{"self":[{"href":"https:\/\/gjestgiveriet.net\/de\/wp-json\/wp\/v2\/pages\/2933","targetHints":{"allow":["GET"]}}],"collection":[{"href":"https:\/\/gjestgiveriet.net\/de\/wp-json\/wp\/v2\/pages"}],"about":[{"href":"https:\/\/gjestgiveriet.net\/de\/wp-json\/wp\/v2\/types\/page"}],"author":[{"embeddable":true,"href":"https:\/\/gjestgiveriet.net\/de\/wp-json\/wp\/v2\/users\/5"}],"replies":[{"embeddable":true,"href":"https:\/\/gjestgiveriet.net\/de\/wp-json\/wp\/v2\/comments?post=2933"}],"version-history":[{"count":8,"href":"https:\/\/gjestgiveriet.net\/de\/wp-json\/wp\/v2\/pages\/2933\/revisions"}],"predecessor-version":[{"id":3635,"href":"https:\/\/gjestgiveriet.net\/de\/wp-json\/wp\/v2\/pages\/2933\/revisions\/3635"}],"up":[{"embeddable":true,"href":"https:\/\/gjestgiveriet.net\/de\/wp-json\/wp\/v2\/pages\/2911"}],"wp:attachment":[{"href":"https:\/\/gjestgiveriet.net\/de\/wp-json\/wp\/v2\/media?parent=2933"}],"curies":[{"name":"wp","href":"https:\/\/api.w.org\/{rel}","templated":true}]}}