{"id":2921,"date":"2024-06-03T15:29:47","date_gmt":"2024-06-03T13:29:47","guid":{"rendered":"https:\/\/gjestgiveriet.3wstaging.nl\/unsere-kabinen\/cabin-22\/"},"modified":"2025-08-05T14:52:56","modified_gmt":"2025-08-05T12:52:56","slug":"kabine-22","status":"publish","type":"page","link":"https:\/\/gjestgiveriet.net\/de\/unsere-kabinen\/kabine-22\/","title":{"rendered":"Kabine 22"},"content":{"rendered":"<p>[vc_section css=&#8220;.vc_custom_1717057961691{padding-top: 0px !important;}&#8220;][vc_row][vc_column width=&#8220;1\/2&#8243;][vc_column_text]<\/p>\n<p class=\"western\" lang=\"de-DE\">Kabine 22 ist eine zweiteilige H\u00fctte im Zimmermannsstil mit einer privaten Veranda, die einen fantastischen Blick auf das Meer bietet.<br \/>\nDas Wohnzimmer verf\u00fcgt \u00fcber eine Sitzecke und eine kleine K\u00fcche mit Kochgelegenheit und K\u00fchlschrank. Grundlegendes Besteck und Kochutensilien sind vorhanden. In einem separaten Schlafzimmer finden Sie zwei Einzelbetten, die f\u00fcr Sie bezogen sind. Das ger\u00e4umige Badezimmer mit WC, Waschbecken und Duschkabine ist mit Handt\u00fcchern und Seife ausgestattet. Kostenloses WLAN ist in der Kabine verf\u00fcgbar. Handt\u00fccher, Bettw\u00e4sche und Reinigung sind im Preis inbegriffen.<\/p>\n<p>[\/vc_column_text][\/vc_column][vc_column width=&#8220;1\/2&#8243;][vc_gallery interval=&#8220;3&#8243; images=&#8220;3599,3575,3579,3583,3587,3591,3595&#8243; img_size=&#8220;large&#8220;][\/vc_column][\/vc_row][\/vc_section][vc_section][vc_row][vc_column]    <div id=\"TommyBookingSupport\"\n\t\tdata-widget=\"boeken\"\n\t\tdata-apikey=\"90b303a74db7b55640caa82bce2ab14397571a314027aa78430e2cd91c3c4c23\"\n\t\tdata-account=\"Fjordcamping\"\n\t\tdata-language=\"de\"\n\t\tdata-accommodatie=63997\t\tdata-google-analytics='UA-9982469-1'\n\t\tdata-scroll='false'\n\t\tdata-kalenderdatum='2026-04-13'\n        data-algemene-voorwaarden='https:\/\/gjestgiveriet.net\/salgsbetingelser\/'\n      data-url-success=\"https:\/\/gjestgiveriet.net\/de\/succes\/\"\n\t data-url-error=\"https:\/\/gjestgiveriet.net\/de\/error-message\/\"\n\t data-url-privacy=\"https:\/\/gjestgiveriet.net\/de\/datenschutzrichtlinie\/\"\n\t\t >\n\t<\/div>\n\n    <script src=\"https:\/\/api.tommybookingsupport.com\/widgets\/js\/widget.js\" type=\"application\/javascript\" language=\"javascript\"><\/script>\n    [\/vc_column][\/vc_row][\/vc_section]<\/p>\n","protected":false},"excerpt":{"rendered":"<p>[vc_section css=&#8220;.vc_custom_1717057961691{padding-top: 0px !important;}&#8220;][vc_row][vc_column width=&#8220;1\/2&#8243;][vc_column_text] Kabine 22 ist eine zweiteilige H\u00fctte im Zimmermannsstil mit einer privaten Veranda, die einen fantastischen &#8230;<\/p>\n","protected":false},"author":5,"featured_media":0,"parent":2911,"menu_order":0,"comment_status":"closed","ping_status":"closed","template":"","meta":{"_acf_changed":false,"inline_featured_image":false,"footnotes":""},"class_list":["post-2921","page","type-page","status-publish","hentry"],"acf":[],"_links":{"self":[{"href":"https:\/\/gjestgiveriet.net\/de\/wp-json\/wp\/v2\/pages\/2921","targetHints":{"allow":["GET"]}}],"collection":[{"href":"https:\/\/gjestgiveriet.net\/de\/wp-json\/wp\/v2\/pages"}],"about":[{"href":"https:\/\/gjestgiveriet.net\/de\/wp-json\/wp\/v2\/types\/page"}],"author":[{"embeddable":true,"href":"https:\/\/gjestgiveriet.net\/de\/wp-json\/wp\/v2\/users\/5"}],"replies":[{"embeddable":true,"href":"https:\/\/gjestgiveriet.net\/de\/wp-json\/wp\/v2\/comments?post=2921"}],"version-history":[{"count":4,"href":"https:\/\/gjestgiveriet.net\/de\/wp-json\/wp\/v2\/pages\/2921\/revisions"}],"predecessor-version":[{"id":3603,"href":"https:\/\/gjestgiveriet.net\/de\/wp-json\/wp\/v2\/pages\/2921\/revisions\/3603"}],"up":[{"embeddable":true,"href":"https:\/\/gjestgiveriet.net\/de\/wp-json\/wp\/v2\/pages\/2911"}],"wp:attachment":[{"href":"https:\/\/gjestgiveriet.net\/de\/wp-json\/wp\/v2\/media?parent=2921"}],"curies":[{"name":"wp","href":"https:\/\/api.w.org\/{rel}","templated":true}]}}