{"id":2911,"date":"2024-06-03T15:26:59","date_gmt":"2024-06-03T13:26:59","guid":{"rendered":"https:\/\/gjestgiveriet.3wstaging.nl\/our-cabins\/"},"modified":"2025-08-05T15:42:51","modified_gmt":"2025-08-05T13:42:51","slug":"unsere-kabinen","status":"publish","type":"page","link":"https:\/\/gjestgiveriet.net\/de\/unsere-kabinen\/","title":{"rendered":"Unsere Kabinen"},"content":{"rendered":"<p>[vc_section][vc_row][vc_column][vc_column_text]<\/p>\n<h3 class=\"western\" lang=\"de-DE\"><b>Kabinen<\/b><\/h3>\n<p class=\"western\" lang=\"de-DE\">Wir haben 9 Kabinen, darunter Doppelkabinen und Familienkabinen.<br \/>\nAlle unsere Unterk\u00fcnfte sind Nichtraucherunterk\u00fcnfte und verf\u00fcgen \u00fcber WLAN, einen Wasserkocher f\u00fcr Tee und einen K\u00fchlschrank. F\u00fcnf unserer H\u00fctten verf\u00fcgen \u00fcber eine K\u00fcchenzeile, vier H\u00fctten <u>nicht<\/u>, aber es gibt eine nahegelegene Gemeinschaftsk\u00fcche, die allen Campingg\u00e4sten zur Verf\u00fcgung steht.<\/p>\n<p class=\"western\" lang=\"de-DE\">Wenn Sie Fragen haben, senden Sie uns diese bitte an <a href=\"mailto:post@gjestgiveriet.net\">post@gjestgiveriet.net<\/a> und wir werden uns so schnell wie m\u00f6glich bei Ihnen melden, oder rufen Sie uns<br \/>\nunter <a href=\"tel:+4775771573\">+47 75 77 15 73<\/a> an.<\/p>\n<h3 class=\"western\" lang=\"de-DE\"><b>Preise<\/b><\/h3>\n<p class=\"western\" lang=\"de-DE\">Die Preise sind bei den verschiedenen Unterk\u00fcnften angegeben.<br \/>\n\u2022 Die Reinigungskosten sind im Preis inbegriffen<br \/>\n\u2022 Bettw\u00e4sche und Handt\u00fccher f\u00fcr 2 Personen sind inbegriffen. F\u00fcr eine 3. oder 4. Person wird ein Aufpreis von 250 NOK pro Person berechnet. (Die Verwendung Ihrer eigenen Bettw\u00e4sche ist aufgrund unserer Hygienerichtlinie nicht erlaubt.)<br \/>\n\u2022 Das Fr\u00fchst\u00fcck ist in unseren Kabinen nicht inbegriffen.<\/p>\n<p class=\"western\" lang=\"de-DE\">Wenn Sie innerhalb von 36 Stunden vor dem Check-in um 12:00 Uhr am Anreisetag stornieren, wird die H\u00e4lfte des Preises der ersten Nacht berechnet.<\/p>\n<h3 class=\"western\" lang=\"de-DE\"><b>Haustiere<\/b><\/h3>\n<p class=\"western\" lang=\"de-DE\">Haustiere sind in allen Kabinen gegen einen Aufpreis von 100 NOK erlaubt (nicht im Preis inbegriffen). Leider d\u00fcrfen Hunde in Norwegen nicht frei herumlaufen.<\/p>\n<h3 class=\"western\" lang=\"de-DE\"><b>Parken<\/b><\/h3>\n<p class=\"western\" lang=\"de-DE\">Es gibt ausreichend kostenlose Parkpl\u00e4tze neben dem Hotel.<br \/>\nEinige Kabinen haben die M\u00f6glichkeit, direkt daneben zu parken.<br \/>\nDas Aufladen von Elektroautos ist in 350 Metern Entfernung m\u00f6glich.<\/p>\n<p>[\/vc_column_text][\/vc_column][\/vc_row][\/vc_section][vc_section][vc_row][vc_column width=&#8220;1\/3&#8243;][vc_single_image image=&#8220;3599&#8243; img_size=&#8220;900&#215;675&#8243; alignment=&#8220;center&#8220; css=&#8220;.vc_custom_1754399020691{margin-bottom: 0px !important;}&#8220;][vc_column_text css=&#8220;.vc_custom_1746023139537{padding-top: 15px !important;padding-right: 15px !important;padding-bottom: 50px !important;padding-left: 15px !important;background-color: #e7ebe2 !important;}&#8220;]<\/p>\n<h3 style=\"margin-top: 0;\">Kabine 22<\/h3>\n<p class=\"western\" lang=\"de-DE\">Kabine 22 ist eine zweiteilige H\u00fctte im Zimmermannsstil mit einer privaten Veranda, die einen fantastischen Blick auf das Meer bietet.<\/p>\n<p class=\"western\" lang=\"de-DE\"><a href=\"https:\/\/gjestgiveriet.net\/de\/unsere-kabinen\/kabine-22\/\">Diese Kabine ansehen<\/a><\/p>\n<p>[\/vc_column_text][\/vc_column][vc_column width=&#8220;1\/3&#8243;][vc_single_image image=&#8220;3575&#8243; img_size=&#8220;900&#215;675&#8243; alignment=&#8220;center&#8220; css=&#8220;.vc_custom_1754399038556{margin-bottom: 0px !important;}&#8220;][vc_column_text css=&#8220;.vc_custom_1746023170508{padding-top: 15px !important;padding-right: 15px !important;padding-bottom: 50px !important;padding-left: 15px !important;background-color: #e5ebed !important;}&#8220;]<\/p>\n<h3 style=\"margin-top: 0;\">Kabine 33<\/h3>\n<p class=\"western\" lang=\"de-DE\">Kabine 33 ist eine zweiteilige H\u00fctte im Zimmermannsstil mit einer privaten Veranda, die einen fantastischen Blick auf das Meer bietet.<\/p>\n<p><a href=\"https:\/\/gjestgiveriet.net\/de\/unsere-kabinen\/kabine-33\/\">Diese Kabine ansehen<\/a>[\/vc_column_text][\/vc_column][vc_column width=&#8220;1\/3&#8243;][vc_single_image image=&#8220;3631&#8243; img_size=&#8220;900&#215;675&#8243; alignment=&#8220;center&#8220; css=&#8220;.vc_custom_1754399940773{margin-bottom: 0px !important;}&#8220;][vc_column_text css=&#8220;.vc_custom_1746023206584{padding-top: 15px !important;padding-right: 15px !important;padding-bottom: 50px !important;padding-left: 15px !important;background-color: #eeedf0 !important;}&#8220;]<\/p>\n<h3 style=\"margin-top: 0;\">Kabine 44<\/h3>\n<p class=\"western\" lang=\"de-DE\">H\u00fctte 44 ist eine neu eingerichtete Blockh\u00fctte mit sch\u00f6ner Aussicht, die direkt am Meer am Fu\u00dfe des Campingplatzes liegt.<\/p>\n<p><a href=\"https:\/\/gjestgiveriet.net\/de\/unsere-kabinen\/kabine-44\/\">Diese Kabine ansehen<\/a>[\/vc_column_text][\/vc_column][vc_column width=&#8220;1\/3&#8243;][vc_single_image image=&#8220;3663&#8243; img_size=&#8220;900&#215;675&#8243; alignment=&#8220;center&#8220; css=&#8220;.vc_custom_1754400734691{margin-bottom: 0px !important;}&#8220;][vc_column_text css=&#8220;.vc_custom_1746023264783{padding-top: 15px !important;padding-right: 15px !important;padding-bottom: 50px !important;padding-left: 15px !important;background-color: #eeedf0 !important;}&#8220;]<\/p>\n<h3 style=\"margin-top: 0;\">Portveien 1<\/h3>\n<p class=\"western\" lang=\"de-DE\">Portveien ist ein Ferienhaus mit zwei Wohneinheiten nebeneinander.<\/p>\n<p><a href=\"https:\/\/gjestgiveriet.net\/de\/unsere-kabinen\/portveien-1\/\">Diese Kabine ansehen<\/a>[\/vc_column_text][\/vc_column][vc_column width=&#8220;1\/3&#8243;][vc_single_image image=&#8220;3643&#8243; img_size=&#8220;900&#215;675&#8243; alignment=&#8220;center&#8220; css=&#8220;.vc_custom_1754400704914{margin-bottom: 0px !important;}&#8220;][vc_column_text css=&#8220;.vc_custom_1746023272833{padding-top: 15px !important;padding-right: 15px !important;padding-bottom: 50px !important;padding-left: 15px !important;background-color: #eeedf0 !important;}&#8220;]<\/p>\n<h3 style=\"margin-top: 0;\">Portveien 2<\/h3>\n<p class=\"western\" lang=\"de-DE\">Portveien ist ein Ferienhaus mit zwei Wohneinheiten nebeneinander.<\/p>\n<p><a href=\"https:\/\/gjestgiveriet.net\/de\/unsere-kabinen\/portveien-2\/\">Diese Kabine ansehen<\/a>[\/vc_column_text][\/vc_column][vc_column width=&#8220;1\/3&#8243;][vc_single_image image=&#8220;3680&#8243; img_size=&#8220;900&#215;675&#8243; alignment=&#8220;center&#8220; css=&#8220;.vc_custom_1754401354702{margin-bottom: 0px !important;}&#8220;][vc_column_text css=&#8220;.vc_custom_1746023324479{padding-top: 15px !important;padding-right: 15px !important;padding-bottom: 50px !important;padding-left: 15px !important;background-color: #e5ebed !important;}&#8220;]<\/p>\n<h3 style=\"margin-top: 0;\">Seahut 2<\/h3>\n<p class=\"western\" lang=\"de-DE\">Seahut ist die H\u00e4lfte einer Doppelwohnung mit Meerblick und einem atemberaubenden Blick auf den Fjord, den Sie auch von der Veranda aus genie\u00dfen k\u00f6nnen.<\/p>\n<p class=\"western\" lang=\"de-DE\"><a href=\"https:\/\/gjestgiveriet.net\/de\/unsere-kabinen\/seahouses-2\/\">Diese Kabine ansehen<\/a><\/p>\n<p>[\/vc_column_text][\/vc_column][\/vc_row][vc_row][vc_column width=&#8220;1\/3&#8243;][vc_single_image image=&#8220;3688&#8243; img_size=&#8220;900&#215;675&#8243; alignment=&#8220;center&#8220; css=&#8220;.vc_custom_1754401366006{margin-bottom: 0px !important;}&#8220;][vc_column_text css=&#8220;.vc_custom_1746023332112{padding-top: 15px !important;padding-right: 15px !important;padding-bottom: 50px !important;padding-left: 15px !important;background-color: #e5ebed !important;}&#8220;]<\/p>\n<h3 style=\"margin-top: 0;\">Seahut 1<\/h3>\n<p class=\"western\" lang=\"de-DE\">Seahut ist die H\u00e4lfte einer Doppelwohnung mit Meerblick und einem atemberaubenden Blick auf den Fjord, den Sie auch von der Veranda aus genie\u00dfen k\u00f6nnen.<\/p>\n<p><a href=\"https:\/\/gjestgiveriet.net\/de\/unsere-kabinen\/seahouses-2\/\">Diese Kabine ansehen<\/a>[\/vc_column_text][\/vc_column][vc_column width=&#8220;1\/3&#8243;][vc_column_text css=&#8220;.vc_custom_1746001367677{padding-top: 15px !important;padding-right: 15px !important;padding-bottom: 50px !important;padding-left: 15px !important;background-color: #e5ebed !important;}&#8220;]<\/p>\n<h3 class=\"western\" lang=\"de-DE\"><b>H\u00fctte 15<\/b><\/h3>\n<p class=\"western\" lang=\"de-DE\">Unsere Trekkingh\u00fctten sind einfache H\u00fctten mit einem kleinen Wohn- und Schlafzimmer.<br \/>\nDas Wohnzimmer ist mit einem Sofa, einem Stuhl, einem Couchtisch, einem K\u00fchlschrank, Besteck, Tellern und Gl\u00e4sern ausgestattet. Der Schlafbereich hat keine T\u00fcr, ist aber ansonsten vom Wohnzimmer getrennt. Es gibt 2 bezogene Einzelbetten. Dusche, WC und K\u00fcche befinden sich keine 20 Meter entfernt im Sanit\u00e4rgeb\u00e4ude. Sie haben Zugang zu einem separaten Badezimmer im Geb\u00e4ude, das nur von zwei H\u00fctten genutzt wird. Kostenloses WLAN und Parkpl\u00e4tze stehen in der N\u00e4he der H\u00fctte zur Verf\u00fcgung.<\/p>\n<p>[\/vc_column_text][\/vc_column][vc_column width=&#8220;1\/3&#8243;][vc_column_text css=&#8220;.vc_custom_1746001375701{padding-top: 15px !important;padding-right: 15px !important;padding-bottom: 50px !important;padding-left: 15px !important;background-color: #e5ebed !important;}&#8220;]<\/p>\n<h3 class=\"western\" lang=\"de-DE\"><b>H\u00fctte 16<\/b><\/h3>\n<p class=\"western\" lang=\"de-DE\">Unsere Trekkingh\u00fctten sind einfache H\u00fctten mit einem kleinen Wohn- und Schlafzimmer.<br \/>\nDas Wohnzimmer ist mit einem Sofa, einem Stuhl, einem Couchtisch, einem K\u00fchlschrank, Besteck, Tellern und Gl\u00e4sern ausgestattet. Der Schlafbereich hat keine T\u00fcr, ist aber ansonsten vom Wohnzimmer getrennt. Es gibt 2 bezogene Einzelbetten. Dusche, WC und K\u00fcche befinden sich keine 20 Meter entfernt im Sanit\u00e4rgeb\u00e4ude. Sie haben Zugang zu einem separaten Badezimmer im Geb\u00e4ude, das nur von zwei H\u00fctten genutzt wird. Kostenloses WLAN und Parkpl\u00e4tze stehen in der N\u00e4he der H\u00fctte zur Verf\u00fcgung.<\/p>\n<p>[\/vc_column_text][\/vc_column][\/vc_row][\/vc_section]<\/p>\n","protected":false},"excerpt":{"rendered":"<p>[vc_section][vc_row][vc_column][vc_column_text] Kabinen Wir haben 9 Kabinen, darunter Doppelkabinen und Familienkabinen. Alle unsere Unterk\u00fcnfte sind Nichtraucherunterk\u00fcnfte und verf\u00fcgen \u00fcber WLAN, einen &#8230;<\/p>\n","protected":false},"author":5,"featured_media":0,"parent":0,"menu_order":0,"comment_status":"closed","ping_status":"closed","template":"","meta":{"_acf_changed":false,"inline_featured_image":false,"footnotes":""},"class_list":["post-2911","page","type-page","status-publish","hentry"],"acf":[],"_links":{"self":[{"href":"https:\/\/gjestgiveriet.net\/de\/wp-json\/wp\/v2\/pages\/2911","targetHints":{"allow":["GET"]}}],"collection":[{"href":"https:\/\/gjestgiveriet.net\/de\/wp-json\/wp\/v2\/pages"}],"about":[{"href":"https:\/\/gjestgiveriet.net\/de\/wp-json\/wp\/v2\/types\/page"}],"author":[{"embeddable":true,"href":"https:\/\/gjestgiveriet.net\/de\/wp-json\/wp\/v2\/users\/5"}],"replies":[{"embeddable":true,"href":"https:\/\/gjestgiveriet.net\/de\/wp-json\/wp\/v2\/comments?post=2911"}],"version-history":[{"count":17,"href":"https:\/\/gjestgiveriet.net\/de\/wp-json\/wp\/v2\/pages\/2911\/revisions"}],"predecessor-version":[{"id":3712,"href":"https:\/\/gjestgiveriet.net\/de\/wp-json\/wp\/v2\/pages\/2911\/revisions\/3712"}],"wp:attachment":[{"href":"https:\/\/gjestgiveriet.net\/de\/wp-json\/wp\/v2\/media?parent=2911"}],"curies":[{"name":"wp","href":"https:\/\/api.w.org\/{rel}","templated":true}]}}