{"id":2804,"date":"2024-06-03T13:21:26","date_gmt":"2024-06-03T11:21:26","guid":{"rendered":"https:\/\/gjestgiveriet.3wstaging.nl\/unsere-zimmer\/room-5\/"},"modified":"2025-08-06T10:03:55","modified_gmt":"2025-08-06T08:03:55","slug":"zimmer-5","status":"publish","type":"page","link":"https:\/\/gjestgiveriet.net\/de\/unsere-zimmer\/zimmer-5\/","title":{"rendered":"Zimmer 5"},"content":{"rendered":"<p>[vc_section css=&#8220;.vc_custom_1717057961691{padding-top: 0px !important;}&#8220;][vc_row][vc_column width=&#8220;1\/2&#8243;][vc_column_text]Zimmer 5 ist ein gro\u00dfes und angenehmes, modernes Zimmer mit herrlichem Blick auf den Vestfjord und das Zentrum von Ulvsv\u00e5g. Eine T\u00fcr zur Veranda f\u00fchrt auf den Gemeinschaftsbalkon mit Blick auf den Vestfjord, die umliegenden Berge, den Campingplatz und die Lofoten.<\/p>\n<p>Es gibt zwei gemachte Einzelbetten, die getrennt werden k\u00f6nnen. Es gibt eine Sitzecke mit zwei Sesseln, einen Fernseher mit Chromecast, einen Schreibtisch, einen Wasserkocher und einen K\u00fchlschrank. Das ger\u00e4umige, eigene Badezimmer verf\u00fcgt \u00fcber eine Dusche, ein Waschbecken und eine Toilette.<\/p>\n<p>Bei der Buchung dieses Zimmers sind Bettw\u00e4sche, Handt\u00fccher und ein verzehrfertiges Fr\u00fchst\u00fcck enthalten, das aus dem K\u00fchlschrank im Flur neben der Treppe abgeholt werden kann. Es gibt auch eine Kaffeemaschine im Flur, wo Sie Kaffee so viel genie\u00dfen k\u00f6nnen, wie Sie m\u00f6chten.<br \/>\nDas Hotel bietet kostenfreies WLAN und Parkpl\u00e4tze stehen auf dem Parkplatz neben dem Hotel zur Verf\u00fcgung.[\/vc_column_text][\/vc_column][vc_column width=&#8220;1\/2&#8243;][vc_gallery interval=&#8220;3&#8243; images=&#8220;3823,3827,3831&#8243; img_size=&#8220;large&#8220;][\/vc_column][\/vc_row][\/vc_section][vc_section][vc_row][vc_column]    <div id=\"TommyBookingSupport\"\n\t\tdata-widget=\"boeken\"\n\t\tdata-apikey=\"90b303a74db7b55640caa82bce2ab14397571a314027aa78430e2cd91c3c4c23\"\n\t\tdata-account=\"Fjordcamping\"\n\t\tdata-language=\"de\"\n\t\tdata-accommodatie=63985\t\tdata-google-analytics='UA-9982469-1'\n\t\tdata-scroll='false'\n\t\tdata-kalenderdatum='2026-04-09'\n        data-algemene-voorwaarden='https:\/\/gjestgiveriet.net\/salgsbetingelser\/'\n      data-url-success=\"https:\/\/gjestgiveriet.net\/de\/succes\/\"\n\t data-url-error=\"https:\/\/gjestgiveriet.net\/de\/error-message\/\"\n\t data-url-privacy=\"https:\/\/gjestgiveriet.net\/de\/datenschutzrichtlinie\/\"\n\t\t >\n\t<\/div>\n\n    <script src=\"https:\/\/api.tommybookingsupport.com\/widgets\/js\/widget.js\" type=\"application\/javascript\" language=\"javascript\"><\/script>\n    [\/vc_column][\/vc_row][\/vc_section]<\/p>\n","protected":false},"excerpt":{"rendered":"<p>[vc_section css=&#8220;.vc_custom_1717057961691{padding-top: 0px !important;}&#8220;][vc_row][vc_column width=&#8220;1\/2&#8243;][vc_column_text]Zimmer 5 ist ein gro\u00dfes und angenehmes, modernes Zimmer mit herrlichem Blick auf den Vestfjord und &#8230;<\/p>\n","protected":false},"author":5,"featured_media":0,"parent":2244,"menu_order":0,"comment_status":"closed","ping_status":"closed","template":"","meta":{"_acf_changed":false,"inline_featured_image":false,"footnotes":""},"class_list":["post-2804","page","type-page","status-publish","hentry"],"acf":[],"_links":{"self":[{"href":"https:\/\/gjestgiveriet.net\/de\/wp-json\/wp\/v2\/pages\/2804","targetHints":{"allow":["GET"]}}],"collection":[{"href":"https:\/\/gjestgiveriet.net\/de\/wp-json\/wp\/v2\/pages"}],"about":[{"href":"https:\/\/gjestgiveriet.net\/de\/wp-json\/wp\/v2\/types\/page"}],"author":[{"embeddable":true,"href":"https:\/\/gjestgiveriet.net\/de\/wp-json\/wp\/v2\/users\/5"}],"replies":[{"embeddable":true,"href":"https:\/\/gjestgiveriet.net\/de\/wp-json\/wp\/v2\/comments?post=2804"}],"version-history":[{"count":4,"href":"https:\/\/gjestgiveriet.net\/de\/wp-json\/wp\/v2\/pages\/2804\/revisions"}],"predecessor-version":[{"id":3836,"href":"https:\/\/gjestgiveriet.net\/de\/wp-json\/wp\/v2\/pages\/2804\/revisions\/3836"}],"up":[{"embeddable":true,"href":"https:\/\/gjestgiveriet.net\/de\/wp-json\/wp\/v2\/pages\/2244"}],"wp:attachment":[{"href":"https:\/\/gjestgiveriet.net\/de\/wp-json\/wp\/v2\/media?parent=2804"}],"curies":[{"name":"wp","href":"https:\/\/api.w.org\/{rel}","templated":true}]}}