{"id":2414,"date":"2024-02-22T09:09:24","date_gmt":"2024-02-22T08:09:24","guid":{"rendered":"https:\/\/www.gjestgiveriet.net\/frage-und-antwort\/"},"modified":"2025-04-30T10:09:04","modified_gmt":"2025-04-30T08:09:04","slug":"frage-und-antwort","status":"publish","type":"page","link":"https:\/\/gjestgiveriet.net\/de\/frage-und-antwort\/","title":{"rendered":"Frage und Antworten"},"content":{"rendered":"\n<p><span style=\"text-decoration: underline;\">Die am h\u00e4ufigsten gestellten Fragen haben wir hier zusammengestellt.<\/span><\/p>\n\n\n\n<p><strong>Kann ich an der Unterkunft Ulvsv\u00e5g Gjestgiveri og Fjordcamp parken?<br><\/strong>Absolut. Sie k\u00f6nnen kostenlos auf unserem Gel\u00e4nde (solange Platz vorhanden ist) oder in der N\u00e4he in der Umgebung parken:<br>\u2022 Parkpl\u00e4tze stehen auf dem Parkplatz neben dem Hotel zur Verf\u00fcgung<br>\u2022 Einige H\u00fctten haben Parkpl\u00e4tze in der N\u00e4he<br>\u2022 350 Meter entfernt gibt es eine Bushaltestelle mit Parkpl\u00e4tzen f\u00fcr Autos oder Lastwagen. Hier k\u00f6nnen Sie auch Ihr Elektroauto aufladen oder die Kl\u00e4rgrube Ihres Wohnmobils in einer automatischen Entleerungs-\/Reinigungsmaschine entleeren.<\/p>\n\n\n\n<p><strong>Haben Sie ein Ladeger\u00e4t f\u00fcr Elektroautos?<br><\/strong>Nein, aber im Umkreis von 350 Metern (5 Minuten zu Fu\u00df) gibt es eine Ladestation f\u00fcr mehrere Elektroautos.<\/p>\n\n\n\n<p><strong>Haben Sie ein Restaurant?<br><\/strong>Ja, wir haben ein eigenes Restaurant und Caf\u00e9 sowie einen Pub, der nur samstagabends\/-abends ge\u00f6ffnet ist.<\/p>\n\n\n\n<p><strong>Welche Unterkunftsm\u00f6glichkeiten gibt es?<br><\/strong>Im Ulvsv\u00e5g Gjestgiveri og Fjordcamping AS stehen folgende Zimmertypen zur Verf\u00fcgung:<br>\u2022 Einzelzimmer<br>\u2022 Doppelzimmer<br>\u2022 Familienzimmer<br>\u2022 Bungalows<br>\u2022 Ein Campingplatz<\/p>\n\n\n\n<p><strong>Wie viel kosten die Zimmer\/Kabinen?<br><\/strong>Die Preise an der Unterkunft Ulvsv\u00e5g Gjestgiveri og Fjordcamping AS k\u00f6nnten je nach Aufenthalt variieren (z. B. wann du buchst, wie viele Personen, Hotelzimmer oder Kabine und andere Bedingungen gelten). Die Preise werden angezeigt, wenn Sie Ihre Daten ausw\u00e4hlen.<\/p>\n\n\n\n<p><strong>Kann ich das ganze Jahr \u00fcber mit einem Wohnwagen oder Wohnmobil auf Ihrem Campingplatz \u00fcbernachten?<br><\/strong>Absolut. Genau wie das Hotel und die H\u00fctten k\u00f6nnen Sie unseren Campingplatz das ganze Jahr \u00fcber nutzen. W\u00e4hrend der Winterzeit wird jedoch empfohlen, Winterreifen mit Spikes oder Schneeketten zu tragen, da sich unser Campingplatz unterhalb der Asphaltstra\u00dfe befindet und der Aufstieg aufgrund der winterlichen Bedingungen schwieriger sein kann.<\/p>\n\n\n\n<p><strong>Wo kann ich meine Kl\u00e4rgrube entleeren?<br><\/strong>350 Meter vom Hotel entfernt befindet sich eine Bushaltestelle mit einem gro\u00dfen Parkplatz. An der Bushaltestelle gibt es ein braunes Geb\u00e4ude mit 3 T\u00fcren: Eine Herrentoilette, eine Damentoilette, und dazwischen gibt es eine Maschine, die deine Kl\u00e4rgrube automatisch entleert und reinigt. Die Nutzung dieser Maschine ist kostenlos.<\/p>\n\n\n\n<p><strong>Wie sind die Check-in- und Check-out-Zeiten?<br><\/strong>Der Check-in in der Unterkunft Ulvsv\u00e5g Gjestgiveri og Fjordcamping AS ist von 15:00 bis 23:00, und der Check-out ist bis 12:00. Wenn Sie au\u00dferhalb dieser Zeiten an- oder abreisen m\u00f6chten, teilen Sie uns dies bitte im Voraus mit.<\/p>\n\n\n\n<p><strong>Was ist, wenn niemand an der Rezeption ist?<br><\/strong>Wir sind t\u00e4glich von 11:00 Uhr bis Mitternacht telefonisch erreichbar (+47 75 77 15 73) und k\u00f6nnen bei Bedarf innerhalb von 5-10 Minuten an der Rezeption sein.<\/p>\n\n\n\n<p><strong>Was k\u00f6nnen wir in Ulvsv\u00e5g unternehmen?<br><\/strong>Wir bieten folgende Aktivit\u00e4ten\/Dienstleistungen an (es k\u00f6nnten zus\u00e4tzliche Geb\u00fchren anfallen):<br>\u2022 Wanderm\u00f6glichkeiten<br>\u2022 Billard<br>\u2022 Lage am Strand<br>\u2022 Pub samstags von 22:00 bis 02:00<br>\u2022 Fitnesseinrichtung 350 Meter entfernt<\/p>\n\n\n\n<p><strong>Wie weit ist das n\u00e4chste Stadtzentrum entfernt?<br><\/strong>Ulvsv\u00e5g Gjestgiveri og Fjordcamping AS befindet sich im Zentrum von Ulvsv\u00e5g. Der n\u00e4chste Supermarkt befindet sich gegen\u00fcber dem Hotel. Wenn Sie ausgiebiger einkaufen m\u00f6chten, k\u00f6nnen Sie nach Narvik, Fauske oder Bod\u00f8 fahren.<\/p>\n","protected":false},"excerpt":{"rendered":"<p>Die am h\u00e4ufigsten gestellten Fragen haben wir hier zusammengestellt. Kann ich an der Unterkunft Ulvsv\u00e5g Gjestgiveri og Fjordcamp parken?Absolut. Sie &#8230;<\/p>\n","protected":false},"author":2,"featured_media":0,"parent":0,"menu_order":0,"comment_status":"closed","ping_status":"closed","template":"","meta":{"_acf_changed":false,"inline_featured_image":false,"footnotes":""},"class_list":["post-2414","page","type-page","status-publish","hentry"],"acf":[],"_links":{"self":[{"href":"https:\/\/gjestgiveriet.net\/de\/wp-json\/wp\/v2\/pages\/2414","targetHints":{"allow":["GET"]}}],"collection":[{"href":"https:\/\/gjestgiveriet.net\/de\/wp-json\/wp\/v2\/pages"}],"about":[{"href":"https:\/\/gjestgiveriet.net\/de\/wp-json\/wp\/v2\/types\/page"}],"author":[{"embeddable":true,"href":"https:\/\/gjestgiveriet.net\/de\/wp-json\/wp\/v2\/users\/2"}],"replies":[{"embeddable":true,"href":"https:\/\/gjestgiveriet.net\/de\/wp-json\/wp\/v2\/comments?post=2414"}],"version-history":[{"count":4,"href":"https:\/\/gjestgiveriet.net\/de\/wp-json\/wp\/v2\/pages\/2414\/revisions"}],"predecessor-version":[{"id":3262,"href":"https:\/\/gjestgiveriet.net\/de\/wp-json\/wp\/v2\/pages\/2414\/revisions\/3262"}],"wp:attachment":[{"href":"https:\/\/gjestgiveriet.net\/de\/wp-json\/wp\/v2\/media?parent=2414"}],"curies":[{"name":"wp","href":"https:\/\/api.w.org\/{rel}","templated":true}]}}