{"id":2274,"date":"2024-02-22T08:56:06","date_gmt":"2024-02-22T07:56:06","guid":{"rendered":"https:\/\/www.gjestgiveriet.net\/verkaufsbedingungen\/"},"modified":"2025-04-30T10:12:19","modified_gmt":"2025-04-30T08:12:19","slug":"verkaufsbedingungen","status":"publish","type":"page","link":"https:\/\/gjestgiveriet.net\/de\/verkaufsbedingungen\/","title":{"rendered":"Verkaufsbedingungen"},"content":{"rendered":"\n<p><strong>Buchung<\/strong><\/p>\n\n\n\n<p>Die Anzahl der G\u00e4ste, der Preis und die Art der Unterkunft, die von Ulvsv\u00e5g Gjestgiveri og Fjordcamping AS zur Verf\u00fcgung gestellt werden, sind in der Buchungsbest\u00e4tigung angegeben, die Sie nach Ihrer Reservierung erhalten.<\/p>\n\n\n\n<p><strong>Absage<\/strong><\/p>\n\n\n\n<ul class=\"wp-block-list\">\n<li>Sie k\u00f6nnen Ihre Buchung bis <strong>24 Stunden vor Anreise<\/strong> bis <strong>12:00 Uhr<\/strong> kostenlos stornieren.<\/li>\n\n\n\n<li>Stornierungen m\u00fcssen \u00fcber die Website erfolgen, auf der die Buchung vorgenommen wurde.<\/li>\n\n\n\n<li>Wenn Sie zu sp\u00e4t stornieren, <strong>werden 50% der Kosten f\u00fcr die ersten 24 Stunden<\/strong> Ihrer Buchung in Rechnung gestellt.<\/li>\n\n\n\n<li>Wenn Sie krankheitsbedingt stornieren m\u00fcssen, empfehlen wir Ihnen zu pr\u00fcfen, ob dies von Ihrer Reiseversicherung abgedeckt ist.<\/li>\n\n\n\n<li>Bitte helfen Sie uns und unseren anderen G\u00e4sten, indem Sie Ihre Zimmerreservierungsverpflichtung einhalten.<\/li>\n<\/ul>\n\n\n\n<p><strong>Check-in- und Check-out-Zeiten<\/strong><\/p>\n\n\n\n<p>Ihre gebuchte Unterkunft ist am Anreisetag garantiert ab <strong>15:00 Uhr<\/strong> bezugsfertig . Am Abreisetag m\u00fcssen Sie bis <strong>12:00 Uhr<\/strong> auschecken.<\/p>\n\n\n\n<p><strong>H\u00f6here Gewalt<\/strong><\/p>\n\n\n\n<p>Ereignisse, die au\u00dferhalb der Kontrolle der Vertragsparteien liegen, wie z.B. Streiks, Br\u00e4nde usw., die die Erf\u00fcllung der Verpflichtungen aus diesem Vertrag unm\u00f6glich machen, berechtigen jede Partei, den Vertrag ohne Schadenersatzpflicht zu k\u00fcndigen.<\/p>\n","protected":false},"excerpt":{"rendered":"<p>Buchung Die Anzahl der G\u00e4ste, der Preis und die Art der Unterkunft, die von Ulvsv\u00e5g Gjestgiveri og Fjordcamping AS zur &#8230;<\/p>\n","protected":false},"author":2,"featured_media":0,"parent":0,"menu_order":0,"comment_status":"closed","ping_status":"closed","template":"","meta":{"_acf_changed":false,"inline_featured_image":false,"footnotes":""},"class_list":["post-2274","page","type-page","status-publish","hentry"],"acf":[],"_links":{"self":[{"href":"https:\/\/gjestgiveriet.net\/de\/wp-json\/wp\/v2\/pages\/2274","targetHints":{"allow":["GET"]}}],"collection":[{"href":"https:\/\/gjestgiveriet.net\/de\/wp-json\/wp\/v2\/pages"}],"about":[{"href":"https:\/\/gjestgiveriet.net\/de\/wp-json\/wp\/v2\/types\/page"}],"author":[{"embeddable":true,"href":"https:\/\/gjestgiveriet.net\/de\/wp-json\/wp\/v2\/users\/2"}],"replies":[{"embeddable":true,"href":"https:\/\/gjestgiveriet.net\/de\/wp-json\/wp\/v2\/comments?post=2274"}],"version-history":[{"count":4,"href":"https:\/\/gjestgiveriet.net\/de\/wp-json\/wp\/v2\/pages\/2274\/revisions"}],"predecessor-version":[{"id":3269,"href":"https:\/\/gjestgiveriet.net\/de\/wp-json\/wp\/v2\/pages\/2274\/revisions\/3269"}],"wp:attachment":[{"href":"https:\/\/gjestgiveriet.net\/de\/wp-json\/wp\/v2\/media?parent=2274"}],"curies":[{"name":"wp","href":"https:\/\/api.w.org\/{rel}","templated":true}]}}