{"id":2268,"date":"2024-02-22T08:44:53","date_gmt":"2024-02-22T07:44:53","guid":{"rendered":"https:\/\/www.gjestgiveriet.net\/aktivitaeten\/"},"modified":"2025-04-30T09:54:12","modified_gmt":"2025-04-30T07:54:12","slug":"aktivitaeten","status":"publish","type":"page","link":"https:\/\/gjestgiveriet.net\/de\/aktivitaeten\/","title":{"rendered":"Aktivit\u00e4ten"},"content":{"rendered":"\n<p>Ulvsv\u00e5g bietet eine einzigartige nat\u00fcrliche Umgebung mit vielen M\u00f6glichkeiten f\u00fcr Liebhaber von Caravaning und Outdoor-Aktivit\u00e4ten:<\/p>\n\n\n\n<ul class=\"wp-block-list\">\n<li>Sie k\u00f6nnen bei uns <strong>ein Boot mieten<\/strong>, um im Fjord zu angeln <em>(fragen Sie uns nach den Allgemeinen Gesch\u00e4ftsbedingungen).<\/em><\/li>\n\n\n\n<li><strong>Hochseefischen<\/strong> in einem fantastischen Archipel, gesch\u00fctzt vor dem offenen Meer.<\/li>\n\n\n\n<li><strong>Wandern oder Skifahren<\/strong> in Ulvsv\u00e5gskaret, einem der sch\u00f6nsten Wandergebiete in Nordland.<\/li>\n\n\n\n<li><strong>S\u00fc\u00dfwasserangeln<\/strong> in vielen tollen Seen und Fl\u00fcssen.<\/li>\n\n\n\n<li><strong>Gef\u00fchrte Tour nach Hamar\u00f8yskaftet<\/strong> mit Nordland Turselskap.<\/li>\n\n\n\n<li>Genie\u00dfen Sie einen <strong>Waldspaziergang mit Kindern<\/strong>, bei dem einer der Einheimischen den Wald neben dem Weg geschm\u00fcckt hat. F\u00fcr Kinder gibt es viel zu entdecken, was an einem kleinen Spielplatz endet.<\/li>\n<\/ul>\n\n\n\n<div class=\"wp-block-buttons is-layout-flex wp-block-buttons-is-layout-flex\">\n<div class=\"wp-block-button\"><a class=\"wp-block-button__link wp-element-button\" href=\"https:\/\/gjestgiveriet.net\/kontakt\/\">Kontaktieren Sie uns<\/a><\/div>\n<\/div>\n\n\n\n<p><a href=\"http:\/\/nordlandturselskap.no\/opplevelser\/hamaroyskaftet\/\">Nordland Touristikunternehmen<\/a><\/p>\n\n\n\n<p><\/p>\n","protected":false},"excerpt":{"rendered":"<p>Ulvsv\u00e5g bietet eine einzigartige nat\u00fcrliche Umgebung mit vielen M\u00f6glichkeiten f\u00fcr Liebhaber von Caravaning und Outdoor-Aktivit\u00e4ten: Nordland Touristikunternehmen<\/p>\n","protected":false},"author":2,"featured_media":0,"parent":0,"menu_order":0,"comment_status":"closed","ping_status":"closed","template":"","meta":{"_acf_changed":false,"inline_featured_image":false,"footnotes":""},"class_list":["post-2268","page","type-page","status-publish","hentry"],"acf":[],"_links":{"self":[{"href":"https:\/\/gjestgiveriet.net\/de\/wp-json\/wp\/v2\/pages\/2268","targetHints":{"allow":["GET"]}}],"collection":[{"href":"https:\/\/gjestgiveriet.net\/de\/wp-json\/wp\/v2\/pages"}],"about":[{"href":"https:\/\/gjestgiveriet.net\/de\/wp-json\/wp\/v2\/types\/page"}],"author":[{"embeddable":true,"href":"https:\/\/gjestgiveriet.net\/de\/wp-json\/wp\/v2\/users\/2"}],"replies":[{"embeddable":true,"href":"https:\/\/gjestgiveriet.net\/de\/wp-json\/wp\/v2\/comments?post=2268"}],"version-history":[{"count":2,"href":"https:\/\/gjestgiveriet.net\/de\/wp-json\/wp\/v2\/pages\/2268\/revisions"}],"predecessor-version":[{"id":3246,"href":"https:\/\/gjestgiveriet.net\/de\/wp-json\/wp\/v2\/pages\/2268\/revisions\/3246"}],"wp:attachment":[{"href":"https:\/\/gjestgiveriet.net\/de\/wp-json\/wp\/v2\/media?parent=2268"}],"curies":[{"name":"wp","href":"https:\/\/api.w.org\/{rel}","templated":true}]}}