{"id":2264,"date":"2024-02-20T15:57:47","date_gmt":"2024-02-20T14:57:47","guid":{"rendered":"https:\/\/www.gjestgiveriet.net\/oeffnungszeiten\/"},"modified":"2025-10-14T09:50:01","modified_gmt":"2025-10-14T07:50:01","slug":"oeffnungszeiten","status":"publish","type":"page","link":"https:\/\/gjestgiveriet.net\/de\/oeffnungszeiten\/","title":{"rendered":"\u00d6ffnungszeiten"},"content":{"rendered":"\r\n<p><strong>Rezeption und Restaurant:<\/strong><br \/>\u2022 <strong>Hochsaison (15. Juni \u2013 15. August):<\/strong><\/p>\r\n\r\n\r\n\r\n<ul class=\"wp-block-list\">\r\n<li>Dienstag \u2013 Samstag: 12:00 \u2013 20:00 Uhr<\/li>\r\n\r\n\r\n\r\n<li>Sonntag und Montag: Geschlossen<\/li>\r\n<\/ul>\r\n\r\n\r\n\r\n<p>\u2022 <strong>Nebensaison (Herbst \u2013 Winter \u2013 Fr\u00fchling: 15. August \u2013 15. Juni):<\/strong><\/p>\r\n\r\n\r\n\r\n<ul class=\"wp-block-list\">\r\n<li>\r\n<div>Donnerstag, Freitag und Sonntag: 16:00\u201318:00 Uhr<\/div>\r\n<\/li>\r\n<li>\r\n<div>Samstag: 12:00\u201318:00 Uhr<\/div>\r\n<\/li>\r\n<li>\r\n<div>Montag bis Mittwoch: Geschlossen<\/div>\r\n<\/li>\r\n<\/ul>\r\n\r\n\r\n\r\n<p>Die Bar ist w\u00e4hrend der \u00d6ffnungszeiten des Restaurants und der Rezeption ge\u00f6ffnet und <strong>freitags und samstags in der Hochsaison<\/strong> bis <strong>22:00 Uhr<\/strong>.<br \/>Der <strong>Pub<\/strong> ist <strong>w\u00e4hrend der Saison <\/strong>samstags von 22:00 \u2013 02:30 Uhr ge\u00f6ffnet.<\/p>\r\n\r\n\r\n\r\n<p>Auf unserer Facebook-Seite finden Sie spezielle zus\u00e4tzliche \u00d6ffnungszeiten w\u00e4hrend Veranstaltungen und Ausw\u00e4rtsspielen von Bod\u00f8 Glimt.<\/p>\r\n\r\n\r\n\r\n<p><strong>Sp\u00e4tester Check-in: 23:00 Uhr<br \/><\/strong>Rufen Sie <a href=\"tel:4775771573\">+47 75 77 15 73<\/a> au\u00dferhalb der \u00d6ffnungszeiten an, wenn niemand an der Rezeption ist.<\/p>\r\n\r\n\r\n\r\n<p>&nbsp;<\/p>\r\n\r\n\r\n\r\n<p>&nbsp;<\/p>\r\n","protected":false},"excerpt":{"rendered":"<p>Rezeption und Restaurant:\u2022 Hochsaison (15. Juni \u2013 15. August): \u2022 Nebensaison (Herbst \u2013 Winter \u2013 Fr\u00fchling: 15. August \u2013 15. &#8230;<\/p>\n","protected":false},"author":2,"featured_media":0,"parent":0,"menu_order":0,"comment_status":"closed","ping_status":"closed","template":"","meta":{"_acf_changed":false,"inline_featured_image":false,"footnotes":""},"class_list":["post-2264","page","type-page","status-publish","hentry"],"acf":[],"_links":{"self":[{"href":"https:\/\/gjestgiveriet.net\/de\/wp-json\/wp\/v2\/pages\/2264","targetHints":{"allow":["GET"]}}],"collection":[{"href":"https:\/\/gjestgiveriet.net\/de\/wp-json\/wp\/v2\/pages"}],"about":[{"href":"https:\/\/gjestgiveriet.net\/de\/wp-json\/wp\/v2\/types\/page"}],"author":[{"embeddable":true,"href":"https:\/\/gjestgiveriet.net\/de\/wp-json\/wp\/v2\/users\/2"}],"replies":[{"embeddable":true,"href":"https:\/\/gjestgiveriet.net\/de\/wp-json\/wp\/v2\/comments?post=2264"}],"version-history":[{"count":8,"href":"https:\/\/gjestgiveriet.net\/de\/wp-json\/wp\/v2\/pages\/2264\/revisions"}],"predecessor-version":[{"id":3876,"href":"https:\/\/gjestgiveriet.net\/de\/wp-json\/wp\/v2\/pages\/2264\/revisions\/3876"}],"wp:attachment":[{"href":"https:\/\/gjestgiveriet.net\/de\/wp-json\/wp\/v2\/media?parent=2264"}],"curies":[{"name":"wp","href":"https:\/\/api.w.org\/{rel}","templated":true}]}}