{"id":2260,"date":"2024-02-20T15:50:48","date_gmt":"2024-02-20T14:50:48","guid":{"rendered":"https:\/\/www.gjestgiveriet.net\/ulvsvag\/"},"modified":"2025-04-30T13:23:09","modified_gmt":"2025-04-30T11:23:09","slug":"ulvsvag","status":"publish","type":"page","link":"https:\/\/gjestgiveriet.net\/de\/ulvsvag\/","title":{"rendered":"Ulvsv\u00e5g"},"content":{"rendered":"\r\n<div class=\"wp-block-columns is-layout-flex wp-container-core-columns-is-layout-9d6595d7 wp-block-columns-is-layout-flex\">\r\n<div class=\"wp-block-column is-layout-flow wp-block-column-is-layout-flow\">\r\n<p><strong>Ulvsv\u00e5g ist ein Dorf mit etwa 300 Einwohnern, das an der E6 in der Gemeinde Hamar\u00f8y in der Provinz Nordland liegt. Dank der kurzen Entfernung zu den St\u00e4dten Narvik, Sortland, Svolv\u00e6r und Bod\u00f8 ist es ein bequemer Ausgangspunkt.<\/strong><\/p>\r\n<\/div>\r\n\r\n\r\n\r\n<div class=\"wp-block-column is-layout-flow wp-block-column-is-layout-flow\">\r\n<p>Zus\u00e4tzlich zu den Einrichtungen der Pension und des Campingplatzes gibt es in Ulvsv\u00e5g einen Supermarkt und eine Autowerkstatt. Der Hauptsitz von Nord Salten Kraftlag befindet sich in Ulvsv\u00e5g. Die Gegend in und um Ulvsv\u00e5g ist eine der sch\u00f6nsten, die Nordland zu bieten hat. Mit dem Lofotenwall und der Mitternachtssonne im Norden und idealen Bedingungen zum Hochseefischen, S\u00fc\u00dfwasserangeln und Bergwandern ist Ulvsv\u00e5g ein fantastischer Ausgangspunkt f\u00fcr wirklich bemerkenswerte Naturerlebnisse.<\/p>\r\n\r\n\r\n\r\n<p>Vom Ulvsv\u00e5g Gjestgiveri aus erreichen Sie innerhalb weniger Minuten ein fantastisches Berggel\u00e4nde \u2013 egal ob Sie wandern, Ski fahren oder in einem der vielen nahe gelegenen Seen angeln m\u00f6chten. Weniger als zwei Kilometer von der Pension entfernt, s\u00fcdlich der E6, auf einer H\u00f6he von 700 Metern, liegt Ulvsv\u00e5gskaret mit pr\u00e4parierten Loipen f\u00fcr lange und erfrischende Skitouren bis weit in den Fr\u00fchling hinein.<\/p>\r\n\r\n\r\n\r\n<p>Gesch\u00fctzt vor dem offenen Meer und dem Vestfjord bietet der Ulvsv\u00e5g-Archipel ruhige Gew\u00e4sser, in denen sich selbst die unerfahrensten Angler oder Kajakfahrer hinauswagen k\u00f6nnen, ohne bef\u00fcrchten zu m\u00fcssen, von rauer See \u00fcberrascht zu werden.<\/p>\r\n\r\n\r\n\r\n<p>Sie sind herzlich eingeladen, uns zu besuchen!<br \/>Kontaktieren Sie uns telefonisch: <a href=\"tel:4775771573\">+47 75 77 15 73<\/a> oder<br \/>per E-Mail: <a href=\"mailto:post@gjestgiveriet.net\">post@gjestgiveriet.net<\/a><\/p>\r\n<\/div>\r\n<\/div>\r\n","protected":false},"excerpt":{"rendered":"<p>Ulvsv\u00e5g ist ein Dorf mit etwa 300 Einwohnern, das an der E6 in der Gemeinde Hamar\u00f8y in der Provinz Nordland &#8230;<\/p>\n","protected":false},"author":2,"featured_media":0,"parent":0,"menu_order":0,"comment_status":"closed","ping_status":"closed","template":"","meta":{"_acf_changed":false,"inline_featured_image":false,"footnotes":""},"class_list":["post-2260","page","type-page","status-publish","hentry"],"acf":[],"_links":{"self":[{"href":"https:\/\/gjestgiveriet.net\/de\/wp-json\/wp\/v2\/pages\/2260","targetHints":{"allow":["GET"]}}],"collection":[{"href":"https:\/\/gjestgiveriet.net\/de\/wp-json\/wp\/v2\/pages"}],"about":[{"href":"https:\/\/gjestgiveriet.net\/de\/wp-json\/wp\/v2\/types\/page"}],"author":[{"embeddable":true,"href":"https:\/\/gjestgiveriet.net\/de\/wp-json\/wp\/v2\/users\/2"}],"replies":[{"embeddable":true,"href":"https:\/\/gjestgiveriet.net\/de\/wp-json\/wp\/v2\/comments?post=2260"}],"version-history":[{"count":5,"href":"https:\/\/gjestgiveriet.net\/de\/wp-json\/wp\/v2\/pages\/2260\/revisions"}],"predecessor-version":[{"id":3352,"href":"https:\/\/gjestgiveriet.net\/de\/wp-json\/wp\/v2\/pages\/2260\/revisions\/3352"}],"wp:attachment":[{"href":"https:\/\/gjestgiveriet.net\/de\/wp-json\/wp\/v2\/media?parent=2260"}],"curies":[{"name":"wp","href":"https:\/\/api.w.org\/{rel}","templated":true}]}}