{"id":2256,"date":"2024-02-20T15:43:55","date_gmt":"2024-02-20T14:43:55","guid":{"rendered":"https:\/\/www.gjestgiveriet.net\/ueber-uns\/"},"modified":"2025-04-30T13:19:54","modified_gmt":"2025-04-30T11:19:54","slug":"ueber-uns","status":"publish","type":"page","link":"https:\/\/gjestgiveriet.net\/de\/ueber-uns\/","title":{"rendered":"\u00dcber uns"},"content":{"rendered":"\r\n<div class=\"wp-block-columns is-layout-flex wp-container-core-columns-is-layout-9d6595d7 wp-block-columns-is-layout-flex\">\r\n<div class=\"wp-block-column is-layout-flow wp-block-column-is-layout-flow\">\r\n<p><strong><strong>Ulvsv\u00e5g Gjestgiveri und Fjordcamping AS<\/strong><br \/>liegt in Ulvsv\u00e5g an der E6 mit einem fantastischen Blick auf die Lofoten und die vielen sch\u00f6nen Gipfel von Hamar\u00f8y. Ein kleines Paradies, das Sie unbedingt besuchen m\u00fcssen. HERZLICH WILLKOMMEN BEI UNS!<\/strong><\/p>\r\n<\/div>\r\n\r\n\r\n\r\n<div class=\"wp-block-column is-layout-flow wp-block-column-is-layout-flow\">\r\n<p>Die 1955 gegr\u00fcndete Pension besteht heute aus einem Hotel mit 6 Zimmern, 9 H\u00fctten und einem Campingplatz. Es gibt auch ein Restaurant mit Bar, eine Terrasse f\u00fcr Mahlzeiten im Freien, einen Pub und alle Standorte und Unterk\u00fcnfte bieten kostenloses WLAN. Unser Campingplatz liegt direkt an der Uferpromenade des Vestfjords.<\/p>\r\n\r\n\r\n\r\n<p>Wir freuen uns, dass wir unseren G\u00e4sten dank unseres freundlichen Personals hier im Herzen des Abenteuerlandes in Nordnorwegen einen pers\u00f6nlichen Service in <a href=\"https:\/\/gjestgiveriet.net\/de\/aktivitaeten\/\" data-type=\"page\" data-id=\"2268\">einer angenehmen Umgebung<\/a> bieten k\u00f6nnen.<\/p>\r\n\r\n\r\n\r\n<p>Alle <a href=\"https:\/\/gjestgiveriet.net\/de\/unsere-zimmer\/\" data-type=\"page\" data-id=\"2244\">Hotelzimmer<\/a> im Ulvsv\u00e5g Gjestgiveri befinden sich im ersten Stock und sind mit einem Wasserkocher, einem K\u00fchlschrank, einem Fernseher mit Chromecast und einem eigenen Bad ausgestattet. Zus\u00e4tzlich steht auf dem Flur eine Kaffeemaschine zur Verf\u00fcgung.<\/p>\r\n\r\n\r\n\r\n<p>Unsere <a href=\"https:\/\/gjestgiveriet.net\/de\/unsere-kabinen\/\" data-type=\"page\" data-id=\"2911\">H\u00fctten<\/a> stehen f\u00fcr Sie bereit mit gemachten Betten, einem Badezimmer mit Dusche, einem Wohnzimmer und einer kleinen K\u00fcchenzeile mit K\u00fchlschrank und Wasserkocher. Wir k\u00fcmmern uns um die Reinigung nach dem Check-out, bitten Sie jedoch, die K\u00fcche selbst zu reinigen.<\/p>\r\n\r\n\r\n\r\n<p><strong>Bitte beachten Sie:<\/strong> Das Fr\u00fchst\u00fcck ist nicht im Preis der Kabinen enthalten.<\/p>\r\n\r\n\r\n\r\n<p>Wir haben eine <a href=\"https:\/\/gjestgiveriet.net\/de\/restaurant-und-pub\/\" data-type=\"page\" data-id=\"2248\">umfangreiche Speisekarte<\/a> mit k\u00f6stlichen hausgemachten Gerichten aus lokalen Zutaten.<\/p>\r\n\r\n\r\n\r\n<h2 class=\"wp-block-heading\"><strong>Umgebung:<\/strong><\/h2>\r\n\r\n\r\n\r\n<ul class=\"wp-block-list\">\r\n<li>Das Hamsun Centre liegt 15 km entfernt, wo Sie ein lebendiges Museum erleben k\u00f6nnen, das dem Dichter Knut Hamsun gewidmet ist.<\/li>\r\n\r\n\r\n\r\n<li>Der Leuchtturm von Tran\u00f8y, ein absolutes Wahrzeichen, befindet sich 35 km entfernt.<\/li>\r\n\r\n\r\n\r\n<li>Das Skizentrum Ulvsv\u00e5gskaret bietet f\u00fcr Skibegeisterte pr\u00e4parierte Loipen \u00fcber eine Strecke von einem Kilometer.<\/li>\r\n\r\n\r\n\r\n<li>Wanderungen zu den Gipfeln vieler einzigartiger Berggipfel in Hamar\u00f8y. Der Hamar\u00f8yskaftet muss erklommen werden, um ein unvergessliches Erlebnis zu erleben.<\/li>\r\n\r\n\r\n\r\n<li>Von hier aus gibt es reichlich Angelm\u00f6glichkeiten und ein Paradies f\u00fcr Kajakfahrer im Vestfjord in alle Richtungen. Sie k\u00f6nnen ein Boot an der Rezeption mieten.<\/li>\r\n\r\n\r\n\r\n<li>Eine 20-min\u00fctige Fahrt in Richtung Norden bringt Sie zum F\u00e4hrhafen von Bogenes.<\/li>\r\n\r\n\r\n\r\n<li>Der Flughafen Bod\u00f8 liegt 197 km vom Ulvsv\u00e5g Gjestgiveri entfernt und Narvik erreichen Sie nach 105 km.<\/li>\r\n<\/ul>\r\n\r\n\r\n\r\n<p>Bitte kontaktieren Sie uns, damit wir Ihnen weitere Informationen \u00fcber unsere sch\u00f6ne Umgebung geben k\u00f6nnen.<\/p>\r\n<\/div>\r\n<\/div>\r\n","protected":false},"excerpt":{"rendered":"<p>Ulvsv\u00e5g Gjestgiveri und Fjordcamping ASliegt in Ulvsv\u00e5g an der E6 mit einem fantastischen Blick auf die Lofoten und die vielen &#8230;<\/p>\n","protected":false},"author":2,"featured_media":0,"parent":0,"menu_order":0,"comment_status":"closed","ping_status":"closed","template":"","meta":{"_acf_changed":false,"inline_featured_image":false,"footnotes":""},"class_list":["post-2256","page","type-page","status-publish","hentry"],"acf":[],"_links":{"self":[{"href":"https:\/\/gjestgiveriet.net\/de\/wp-json\/wp\/v2\/pages\/2256","targetHints":{"allow":["GET"]}}],"collection":[{"href":"https:\/\/gjestgiveriet.net\/de\/wp-json\/wp\/v2\/pages"}],"about":[{"href":"https:\/\/gjestgiveriet.net\/de\/wp-json\/wp\/v2\/types\/page"}],"author":[{"embeddable":true,"href":"https:\/\/gjestgiveriet.net\/de\/wp-json\/wp\/v2\/users\/2"}],"replies":[{"embeddable":true,"href":"https:\/\/gjestgiveriet.net\/de\/wp-json\/wp\/v2\/comments?post=2256"}],"version-history":[{"count":9,"href":"https:\/\/gjestgiveriet.net\/de\/wp-json\/wp\/v2\/pages\/2256\/revisions"}],"predecessor-version":[{"id":3345,"href":"https:\/\/gjestgiveriet.net\/de\/wp-json\/wp\/v2\/pages\/2256\/revisions\/3345"}],"wp:attachment":[{"href":"https:\/\/gjestgiveriet.net\/de\/wp-json\/wp\/v2\/media?parent=2256"}],"curies":[{"name":"wp","href":"https:\/\/api.w.org\/{rel}","templated":true}]}}