{"id":2252,"date":"2024-02-20T15:37:34","date_gmt":"2024-02-20T14:37:34","guid":{"rendered":"https:\/\/www.gjestgiveriet.net\/ulvsvag-gjestgiveri-und-fjordcamping\/"},"modified":"2025-04-30T09:18:43","modified_gmt":"2025-04-30T07:18:43","slug":"ulvsvag-gjestgiveri-und-fjordcamping","status":"publish","type":"page","link":"https:\/\/gjestgiveriet.net\/de\/ulvsvag-gjestgiveri-und-fjordcamping\/","title":{"rendered":"Ulvsv\u00e5g Gjestgiveri und Fjordcamping"},"content":{"rendered":"\n<figure class=\"wp-block-image alignwide size-full custom-image-margin\"><img loading=\"lazy\" decoding=\"async\" width=\"1280\" height=\"853\" src=\"https:\/\/gjestgiveriet.net\/wp-content\/uploads\/2021\/06\/Camping.jpg\" alt=\"\" class=\"wp-image-69\" srcset=\"https:\/\/gjestgiveriet.net\/wp-content\/uploads\/2021\/06\/Camping.jpg 1280w, https:\/\/gjestgiveriet.net\/wp-content\/uploads\/2021\/06\/Camping-300x200.jpg 300w, https:\/\/gjestgiveriet.net\/wp-content\/uploads\/2021\/06\/Camping-1024x682.jpg 1024w, https:\/\/gjestgiveriet.net\/wp-content\/uploads\/2021\/06\/Camping-768x512.jpg 768w, https:\/\/gjestgiveriet.net\/wp-content\/uploads\/2021\/06\/Camping-500x333.jpg 500w\" sizes=\"auto, (max-width: 1280px) 100vw, 1280px\" \/><\/figure>\n\n\n\n<div class=\"wp-block-columns is-layout-flex wp-container-core-columns-is-layout-9d6595d7 wp-block-columns-is-layout-flex\">\n<div class=\"wp-block-column is-layout-flow wp-block-column-is-layout-flow\">\n<p><strong>Unser Campingplatz liegt perfekt an der E6 und direkt am Meer und bietet einen fantastischen Blick auf die Lofoten.<\/strong><\/p>\n<\/div>\n\n\n\n<div class=\"wp-block-column is-layout-flow wp-block-column-is-layout-flow\">\n<p>Ein idyllischer Campingplatz im Herzen von Hamar\u00f8y, direkt am Meer, mit vielen sch\u00f6nen Pl\u00e4tzen f\u00fcr Wohnmobile und Wohnwagen oder f\u00fcr Zelte, wenn Sie es vorziehen. Es stehen 16-Ampere-Steckdosen f\u00fcr 24 Benutzer zur Verf\u00fcgung.<\/p>\n\n\n\n<p>Wir haben ein modernes Servicegeb\u00e4ude mit Duschen und Toiletten, in dem Sauberkeit ernst genommen wird.<\/p>\n\n\n\n<ul class=\"wp-block-list\">\n<li>2 Duschen, 1 WC f\u00fcr M\u00e4nner<\/li>\n\n\n\n<li>2 Duschen, 1 WC f\u00fcr Frauen<\/li>\n<\/ul>\n\n\n\n<p>Sie zahlen einen angemessenen Preis, der Dusch- und WC-Anlagen, die Nutzung der K\u00fcche (in der auch eine frei nutzbare Waschmaschine zur Verf\u00fcgung steht), WLAN und M\u00fcllabfuhr beinhaltet.<\/p>\n\n\n\n<p>Wenn Sie eine H\u00e4ngematte aufh\u00e4ngen m\u00f6chten, erwarten Sie robuste B\u00e4ume am Strand.<\/p>\n\n\n\n<p>Es gibt eine gro\u00dfe Feuerstelle mit Picknicktischen in der N\u00e4he.<\/p>\n\n\n\n<div class=\"wp-block-group content-container has-background\" style=\"background:linear-gradient(135deg,rgb(6,147,227) 0%,rgb(229,235,237) 0%)\"><div class=\"wp-block-group__inner-container is-layout-constrained wp-block-group-is-layout-constrained\">\n<div style=\"height:30px\" aria-hidden=\"true\" class=\"wp-block-spacer\"><\/div>\n\n\n\n<p>Gerne nehmen wir Ihre Buchung hier auf der Website entgegen und helfen Ihnen, die richtige Option f\u00fcr Sie und Ihre Bed\u00fcrfnisse zu finden. Kontaktieren Sie uns gerne f\u00fcr Angebote, Buchungen und Fragen.<\/p>\n\n\n\n<p><strong>Telefon:<\/strong> <a href=\"tel:4775771573\">+47 75 77 15 73<\/a><br><strong>E-Mail:<\/strong> <a href=\"mailto:post@gjestgiveriet.net\">post@gjestgiveriet.net<\/a><\/p>\n\n\n\n<div style=\"height:30px\" aria-hidden=\"true\" class=\"wp-block-spacer\"><\/div>\n<\/div><\/div>\n<\/div>\n<\/div>\n\n\n\n<p><\/p>\n","protected":false},"excerpt":{"rendered":"<p>Unser Campingplatz liegt perfekt an der E6 und direkt am Meer und bietet einen fantastischen Blick auf die Lofoten. Ein &#8230;<\/p>\n","protected":false},"author":2,"featured_media":0,"parent":0,"menu_order":0,"comment_status":"closed","ping_status":"closed","template":"","meta":{"_acf_changed":false,"inline_featured_image":false,"footnotes":""},"class_list":["post-2252","page","type-page","status-publish","hentry"],"acf":[],"_links":{"self":[{"href":"https:\/\/gjestgiveriet.net\/de\/wp-json\/wp\/v2\/pages\/2252","targetHints":{"allow":["GET"]}}],"collection":[{"href":"https:\/\/gjestgiveriet.net\/de\/wp-json\/wp\/v2\/pages"}],"about":[{"href":"https:\/\/gjestgiveriet.net\/de\/wp-json\/wp\/v2\/types\/page"}],"author":[{"embeddable":true,"href":"https:\/\/gjestgiveriet.net\/de\/wp-json\/wp\/v2\/users\/2"}],"replies":[{"embeddable":true,"href":"https:\/\/gjestgiveriet.net\/de\/wp-json\/wp\/v2\/comments?post=2252"}],"version-history":[{"count":6,"href":"https:\/\/gjestgiveriet.net\/de\/wp-json\/wp\/v2\/pages\/2252\/revisions"}],"predecessor-version":[{"id":3220,"href":"https:\/\/gjestgiveriet.net\/de\/wp-json\/wp\/v2\/pages\/2252\/revisions\/3220"}],"wp:attachment":[{"href":"https:\/\/gjestgiveriet.net\/de\/wp-json\/wp\/v2\/media?parent=2252"}],"curies":[{"name":"wp","href":"https:\/\/api.w.org\/{rel}","templated":true}]}}