{"id":2248,"date":"2024-02-20T15:32:41","date_gmt":"2024-02-20T14:32:41","guid":{"rendered":"https:\/\/www.gjestgiveriet.net\/restaurant-und-pub\/"},"modified":"2025-08-06T11:44:38","modified_gmt":"2025-08-06T09:44:38","slug":"restaurant-und-pub","status":"publish","type":"page","link":"https:\/\/gjestgiveriet.net\/de\/restaurant-und-pub\/","title":{"rendered":"Restaurant und Pub"},"content":{"rendered":"<p>[vc_row][vc_column][vc_column_text]<\/p>\r\n<div class=\"wp-block-columns is-layout-flex wp-container-core-columns-is-layout-9d6595d7 wp-block-columns-is-layout-flex\">\r\n<div class=\"wp-block-column is-layout-flow wp-block-column-is-layout-flow\">\r\n<p class=\"custom-image-margin2\"><strong><br \/>In unserem gem\u00fctlichen Restaurant k\u00f6nnen Sie in entspannter Atmosph\u00e4re leckeres Essen genie\u00dfen.<\/strong><\/p>\r\n\r\n\r\n\r\n<div class=\"wp-block-spacer\" style=\"height: 100px;\" aria-hidden=\"true\">\u00a0<\/div>\r\n\r\n<p>Wir sind stolz darauf, Ihnen ein abwechslungsreiches \u00c0-la-carte-Men\u00fc und ein Pizzamen\u00fc anbieten zu k\u00f6nnen, das traditionell mit den besten Zutaten zubereitet wird.<\/p>\r\n\r\n\r\n\r\n<h2 class=\"wp-block-heading\">Lokale Meeresfr\u00fcchte<\/h2>\r\n\r\n<p><br \/>Alles, was wir servieren, wird mit frischen Zutaten zubereitet, die in unserer eigenen K\u00fcche zubereitet werden.<\/p>\r\n\r\n\r\n\r\n<h2 class=\"wp-block-heading\">Veranstaltungen<\/h2>\r\n\r\n<p><br \/>Es ist auch m\u00f6glich, Tagungen oder private Veranstaltungen mit oder ohne Mittag- oder Abendessen zu veranstalten. Sie k\u00f6nnen unser Restaurant (au\u00dfer in der Hochsaison) oder unsere Kneipe (au\u00dfer samstagabends) f\u00fcr Ihre private Zusammenkunft mieten. Unsere Kneipe ist mit einem Beamer und einer Leinwand f\u00fcr Pr\u00e4sentationen ausgestattet.<\/p>\r\n\r\n\r\n\r\n\r\n\r\n<h2 class=\"wp-block-heading\">Gasthausabende<\/h2>\r\n\r\n<p>Wir haben im Sommer Sitzpl\u00e4tze im Freien auf der Terrasse und veranstalten an Samstagen Pubabende in unserer neuen Kneipe im Untergeschoss. Oft mit Livemusik (siehe Beitr\u00e4ge auf Facebook)<\/p>\r\n\r\n<p><br \/>Sie k\u00f6nnen unsere Gerichte im Restaurant, im Sommer auf unserer Terrasse genie\u00dfen oder mitnehmen, um sie zu genie\u00dfen, wo immer Sie m\u00f6chten. Unser Pub befindet sich unterhalb des Restaurants und ist jeden Samstag von 22:00 bis 02:00 Uhr ge\u00f6ffnet.<\/p>\r\n<\/div>\r\n\r\n\r\n\r\n<div class=\"wp-block-column is-layout-flow wp-block-column-is-layout-flow\">\r\n<figure class=\"wp-block-image size-full custom-image-margin2\"><img loading=\"lazy\" decoding=\"async\" width=\"529\" height=\"397\" class=\"wp-image-2084\" src=\"https:\/\/gjestgiveriet.net\/wp-content\/uploads\/2024\/02\/fiskemiddag-edited.png\" alt=\"\" srcset=\"https:\/\/gjestgiveriet.net\/wp-content\/uploads\/2024\/02\/fiskemiddag-edited.png 529w, https:\/\/gjestgiveriet.net\/wp-content\/uploads\/2024\/02\/fiskemiddag-edited-300x225.png 300w, https:\/\/gjestgiveriet.net\/wp-content\/uploads\/2024\/02\/fiskemiddag-edited-500x375.png 500w\" sizes=\"auto, (max-width: 529px) 100vw, 529px\" \/><\/figure>\r\n\r\n\r\n\r\n<div class=\"wp-block-group content-container has-background\" style=\"background: linear-gradient(135deg,#0693e3 0%,#eeedf0 0%);\"><div class=\"wp-block-group__inner-container is-layout-constrained wp-block-group-is-layout-constrained\">\r\n<div class=\"wp-block-spacer\" style=\"height: 30px;\" aria-hidden=\"true\">\u00a0<\/div>\r\n\r\n<p>Rufen Sie uns an, um Preise und (Tisch-)Reservierungen zu erfragen. Wir werden alles in unserer Macht Stehende tun, um Ihren Aufenthalt bei uns so angenehm wie m\u00f6glich zu gestalten. Kontaktieren Sie uns f\u00fcr Informationen und Angebote:<br \/><strong>Telefon<\/strong>: <a href=\"tel:4775771573\">+47 75 77 15 73<\/a><br \/><strong>E-Mail<\/strong>: <a href=\"mailto:post@gjestgiveriet.net\">post@gjestgiveriet.net<\/a><\/p>\r\n\r\n\r\n\r\n<div class=\"wp-block-spacer\" style=\"height: 30px;\" aria-hidden=\"true\">\u00a0<\/div>\r\n<\/div><\/div>\r\n<\/div>\r\n<\/div>\r\n<p>\u00a0<\/p>\r\n<p>[\/vc_column_text][vc_gallery interval=&#8220;3&#8243; images=&#8220;3472,3476,3540,3544,3548,3552,3556&#8243; img_size=&#8220;full&#8220;][\/vc_column][\/vc_row]<\/p>","protected":false},"excerpt":{"rendered":"<p>[vc_row][vc_column][vc_column_text] In unserem gem\u00fctlichen Restaurant k\u00f6nnen Sie in entspannter Atmosph\u00e4re leckeres Essen genie\u00dfen. Wir sind stolz darauf, Ihnen ein abwechslungsreiches &#8230;<\/p>\n","protected":false},"author":2,"featured_media":0,"parent":0,"menu_order":0,"comment_status":"closed","ping_status":"closed","template":"","meta":{"_acf_changed":false,"inline_featured_image":false,"footnotes":""},"class_list":["post-2248","page","type-page","status-publish","hentry"],"acf":[],"_links":{"self":[{"href":"https:\/\/gjestgiveriet.net\/de\/wp-json\/wp\/v2\/pages\/2248","targetHints":{"allow":["GET"]}}],"collection":[{"href":"https:\/\/gjestgiveriet.net\/de\/wp-json\/wp\/v2\/pages"}],"about":[{"href":"https:\/\/gjestgiveriet.net\/de\/wp-json\/wp\/v2\/types\/page"}],"author":[{"embeddable":true,"href":"https:\/\/gjestgiveriet.net\/de\/wp-json\/wp\/v2\/users\/2"}],"replies":[{"embeddable":true,"href":"https:\/\/gjestgiveriet.net\/de\/wp-json\/wp\/v2\/comments?post=2248"}],"version-history":[{"count":15,"href":"https:\/\/gjestgiveriet.net\/de\/wp-json\/wp\/v2\/pages\/2248\/revisions"}],"predecessor-version":[{"id":3869,"href":"https:\/\/gjestgiveriet.net\/de\/wp-json\/wp\/v2\/pages\/2248\/revisions\/3869"}],"wp:attachment":[{"href":"https:\/\/gjestgiveriet.net\/de\/wp-json\/wp\/v2\/media?parent=2248"}],"curies":[{"name":"wp","href":"https:\/\/api.w.org\/{rel}","templated":true}]}}