{"id":2244,"date":"2024-02-20T15:26:42","date_gmt":"2024-02-20T14:26:42","guid":{"rendered":"https:\/\/www.gjestgiveriet.net\/unsere-zimmer\/"},"modified":"2025-08-06T09:19:12","modified_gmt":"2025-08-06T07:19:12","slug":"unsere-zimmer","status":"publish","type":"page","link":"https:\/\/gjestgiveriet.net\/de\/unsere-zimmer\/","title":{"rendered":"Unsere Zimmer"},"content":{"rendered":"<p>[vc_section][vc_row][vc_column][vc_column_text]<\/p>\n<h3 class=\"western\" lang=\"de-DE\">Zimmer<\/h3>\n<p>Wir verf\u00fcgen \u00fcber insgesamt 6 moderne G\u00e4stezimmer, darunter ein Einzelzimmer, Doppelzimmer und Familienzimmer. Alle unsere Zimmer sind Nichtraucherzimmer und verf\u00fcgen \u00fcber WLAN, einen Wasserkocher f\u00fcr Kaffee und Tee, einen K\u00fchlschrank und einen Flachbildfernseher mit Chromecast. Eine gemeinschaftlich genutzte Kaffeemaschine steht auf dem Flur zur Verf\u00fcgung. Alle unsere Zimmer befinden sich im ersten Stock und sind \u00fcber eine Treppe erreichbar.<\/p>\n<p>Senden Sie uns Ihre Anfrage an <a href=\"mailto:post@gjestgiveriet.net\">post@gjestgiveriet.net<\/a> oder rufen Sie uns unter <a href=\"tel:+4775771573\">+47 75 77 15 73<\/a> an, wir melden uns schnellstm\u00f6glich bei Ihnen.<\/p>\n<h3 class=\"western\" lang=\"de-DE\">Preise<\/h3>\n<p>Die Preise sind f\u00fcr jede Art von Unterkunft sichtbar.<br \/>\n\u2022 Das Fr\u00fchst\u00fcck ist im Preis inbegriffen.<br \/>\n\u2022 Die Reinigungskosten sind inbegriffen.<br \/>\n\u2022 Bettw\u00e4sche und Handt\u00fccher f\u00fcr 2 Personen sind im Preis inbegriffen. (Das Mitbringen von eigener Bettw\u00e4sche ist aufgrund der Hygienevorschriften nicht erlaubt.)<br \/>\n\u2022 F\u00fcr eine 3. oder 4. Person wird ein Aufpreis von 250 NOK pro Person f\u00fcr Bettw\u00e4sche und Fr\u00fchst\u00fcck erhoben.<\/p>\n<p>Bei Stornierungen innerhalb von 36 Stunden vor dem Check-in um 12:00 Uhr am Anreisetag wird die H\u00e4lfte des Preises der ersten Nacht in Rechnung gestellt.<\/p>\n<h3 class=\"western\" lang=\"de-DE\">Haustiere<\/h3>\n<p>Haustiere sind in den Hotelzimmern NICHT erlaubt. Sie sind jedoch in unseren H\u00fctten und auf unserem gesamten Campingplatz herzlich willkommen.<\/p>\n<h3>Parken<\/h3>\n<p>Es gibt ausreichend kostenlose Parkpl\u00e4tze neben dem Hotel. Das Aufladen von Elektroautos ist in 350 Metern Entfernung m\u00f6glich.[\/vc_column_text][\/vc_column][\/vc_row][\/vc_section][vc_section][vc_row][vc_column width=&#8220;1\/3&#8243;][vc_single_image image=&#8220;3716&#8243; img_size=&#8220;900&#215;675&#8243; alignment=&#8220;center&#8220; css=&#8220;.vc_custom_1754464699752{margin-bottom: 0px !important;}&#8220;][vc_column_text css=&#8220;.vc_custom_1746021796597{padding-top: 15px !important;padding-right: 15px !important;padding-bottom: 50px !important;padding-left: 15px !important;background-color: #e7ebe2 !important;}&#8220;]<\/p>\n<h3 style=\"margin-top: 0;\">Zimmer 1<\/h3>\n<p>Zimmer 1 ist ein gem\u00fctliches Einzelzimmer mit einem extra breiten gemachten Bett.<\/p>\n<p><a href=\"https:\/\/gjestgiveriet.net\/de\/unsere-zimmer\/zimmer-1\/\">Dieses Zimmer ansehen<\/a>[\/vc_column_text][\/vc_column][vc_column width=&#8220;1\/3&#8243;][vc_single_image image=&#8220;3720&#8243; img_size=&#8220;900&#215;675&#8243; alignment=&#8220;center&#8220; css=&#8220;.vc_custom_1754464709601{margin-bottom: 0px !important;}&#8220;][vc_column_text css=&#8220;.vc_custom_1746021837978{padding-top: 15px !important;padding-right: 15px !important;padding-bottom: 50px !important;padding-left: 15px !important;background-color: #e5ebed !important;}&#8220;]<\/p>\n<h3 style=\"margin-top: 0;\">Zimmer 2<\/h3>\n<p>Zimmer 2 ist ein gem\u00fctliches, modernes Zimmer mit Blick auf die Stra\u00dfe und Blick auf die umliegenden Berge.<\/p>\n<p><a href=\"https:\/\/gjestgiveriet.net\/de\/unsere-zimmer\/zimmer-2\/\">Dieses Zimmer ansehen<\/a>[\/vc_column_text][\/vc_column][vc_column width=&#8220;1\/3&#8243;][vc_single_image image=&#8220;3724&#8243; img_size=&#8220;900&#215;675&#8243; alignment=&#8220;center&#8220; css=&#8220;.vc_custom_1754464719699{margin-bottom: 0px !important;}&#8220;][vc_column_text css=&#8220;.vc_custom_1746021884560{padding-top: 15px !important;padding-right: 15px !important;padding-bottom: 50px !important;padding-left: 15px !important;background-color: #eeedf0 !important;}&#8220;]<\/p>\n<h3 style=\"margin-top: 0;\">Zimmer 3<\/h3>\n<p>Zimmer 3 ist ein gro\u00dfes, modernes Zimmer mit drei gemachten Betten und einem fantastischen Blick auf den Vestfjord.<\/p>\n<p><a href=\"https:\/\/gjestgiveriet.net\/de\/unsere-zimmer\/zimmer-3\/\">Dieses Zimmer ansehen<\/a>[\/vc_column_text][\/vc_column][vc_column width=&#8220;1\/3&#8243;][vc_single_image image=&#8220;3728&#8243; img_size=&#8220;900&#215;675&#8243; alignment=&#8220;center&#8220; css=&#8220;.vc_custom_1754464728002{margin-bottom: 0px !important;}&#8220;][vc_column_text css=&#8220;.vc_custom_1746021902642{padding-top: 15px !important;padding-right: 15px !important;padding-bottom: 50px !important;padding-left: 15px !important;background-color: #e7ebe2 !important;}&#8220;]<\/p>\n<h3 style=\"margin-top: 0;\">Zimmer 4<\/h3>\n<p>Zimmer 4 ist ein gem\u00fctliches, modernes Zimmer zur Stra\u00dfenseite mit Blick auf die umliegende Bergwelt.<\/p>\n<p><a href=\"https:\/\/gjestgiveriet.net\/de\/unsere-zimmer\/zimmer-4\/\">Dieses Zimmer ansehen<\/a>[\/vc_column_text][\/vc_column][vc_column width=&#8220;1\/3&#8243;][vc_single_image image=&#8220;3732&#8243; img_size=&#8220;900&#215;675&#8243; alignment=&#8220;center&#8220; css=&#8220;.vc_custom_1754464735632{margin-bottom: 0px !important;}&#8220;][vc_column_text css=&#8220;.vc_custom_1746021959032{padding-top: 15px !important;padding-right: 15px !important;padding-bottom: 50px !important;padding-left: 15px !important;background-color: #e5ebed !important;}&#8220;]<\/p>\n<h3 style=\"margin-top: 0;\">Zimmer 5<\/h3>\n<p>Zimmer 5 ist ein gro\u00dfes und angenehmes, modernes Zimmer mit herrlichem Blick auf den Vestfjord und das Zentrum von Ulvsv\u00e5g.<\/p>\n<p><a href=\"https:\/\/gjestgiveriet.net\/de\/unsere-zimmer\/zimmer-5\/\">Dieses Zimmer ansehen<\/a>[\/vc_column_text][\/vc_column][vc_column width=&#8220;1\/3&#8243;][vc_single_image image=&#8220;3736&#8243; img_size=&#8220;900&#215;675&#8243; alignment=&#8220;center&#8220; css=&#8220;.vc_custom_1754464742437{margin-bottom: 0px !important;}&#8220;][vc_column_text css=&#8220;.vc_custom_1746021984132{padding-top: 15px !important;padding-right: 15px !important;padding-bottom: 50px !important;padding-left: 15px !important;background-color: #eeedf0 !important;}&#8220;]<\/p>\n<h3 style=\"margin-top: 0;\">Zimmer 6<\/h3>\n<p>Zimmer 6 ist ein modernes, ger\u00e4umiges Doppelzimmer mit einer privaten Veranda am Ende des Geb\u00e4udes, die einen fantastischen Blick auf den Vestfjord, den Campingplatz darunter und das Stadtzentrum bietet.<\/p>\n<p><a href=\"https:\/\/gjestgiveriet.net\/de\/unsere-zimmer\/zimmer-6\/\">Dieses Zimmer ansehen<\/a>[\/vc_column_text][\/vc_column][\/vc_row][\/vc_section]<\/p>\n","protected":false},"excerpt":{"rendered":"<p>[vc_section][vc_row][vc_column][vc_column_text] Zimmer Wir verf\u00fcgen \u00fcber insgesamt 6 moderne G\u00e4stezimmer, darunter ein Einzelzimmer, Doppelzimmer und Familienzimmer. Alle unsere Zimmer sind Nichtraucherzimmer &#8230;<\/p>\n","protected":false},"author":2,"featured_media":0,"parent":0,"menu_order":0,"comment_status":"closed","ping_status":"closed","template":"","meta":{"_acf_changed":false,"inline_featured_image":false,"footnotes":""},"class_list":["post-2244","page","type-page","status-publish","hentry"],"acf":[],"_links":{"self":[{"href":"https:\/\/gjestgiveriet.net\/de\/wp-json\/wp\/v2\/pages\/2244","targetHints":{"allow":["GET"]}}],"collection":[{"href":"https:\/\/gjestgiveriet.net\/de\/wp-json\/wp\/v2\/pages"}],"about":[{"href":"https:\/\/gjestgiveriet.net\/de\/wp-json\/wp\/v2\/types\/page"}],"author":[{"embeddable":true,"href":"https:\/\/gjestgiveriet.net\/de\/wp-json\/wp\/v2\/users\/2"}],"replies":[{"embeddable":true,"href":"https:\/\/gjestgiveriet.net\/de\/wp-json\/wp\/v2\/comments?post=2244"}],"version-history":[{"count":16,"href":"https:\/\/gjestgiveriet.net\/de\/wp-json\/wp\/v2\/pages\/2244\/revisions"}],"predecessor-version":[{"id":3740,"href":"https:\/\/gjestgiveriet.net\/de\/wp-json\/wp\/v2\/pages\/2244\/revisions\/3740"}],"wp:attachment":[{"href":"https:\/\/gjestgiveriet.net\/de\/wp-json\/wp\/v2\/media?parent=2244"}],"curies":[{"name":"wp","href":"https:\/\/api.w.org\/{rel}","templated":true}]}}