{"id":2230,"date":"2024-02-20T15:02:41","date_gmt":"2024-02-20T14:02:41","guid":{"rendered":"https:\/\/www.gjestgiveriet.net\/front-page\/"},"modified":"2025-08-06T10:59:23","modified_gmt":"2025-08-06T08:59:23","slug":"front-page","status":"publish","type":"page","link":"https:\/\/gjestgiveriet.net\/de\/","title":{"rendered":"Front page"},"content":{"rendered":"<p>[vc_row][vc_column][vc_column_text]<\/p>\r\n<div class=\"wp-block-columns alignfull is-layout-flex wp-container-core-columns-is-layout-9d6595d7 wp-block-columns-is-layout-flex\">\r\n<div class=\"wp-block-column has-background is-layout-flow wp-block-column-is-layout-flow\" style=\"background: linear-gradient(135deg,#f5f4ef 0%,#f5f4ef 100%);\">\r\n<div class=\"wp-block-spacer\" style=\"height: 60px;\" aria-hidden=\"true\">\u00a0<\/div>\r\n\r\n\r\n\r\n<figure class=\"wp-block-image alignwide size-large grid-col2\"><img loading=\"lazy\" decoding=\"async\" width=\"2048\" height=\"791\" class=\"wp-image-2142\" src=\"https:\/\/gjestgiveriet.net\/wp-content\/uploads\/2024\/02\/12182487_1090170814327398_6487358019734741751_o-edited-e1708424046612.jpg\" alt=\"\" srcset=\"https:\/\/gjestgiveriet.net\/wp-content\/uploads\/2024\/02\/12182487_1090170814327398_6487358019734741751_o-edited-e1708424046612.jpg 2048w, https:\/\/gjestgiveriet.net\/wp-content\/uploads\/2024\/02\/12182487_1090170814327398_6487358019734741751_o-edited-e1708424046612-300x116.jpg 300w, https:\/\/gjestgiveriet.net\/wp-content\/uploads\/2024\/02\/12182487_1090170814327398_6487358019734741751_o-edited-e1708424046612-1024x396.jpg 1024w, https:\/\/gjestgiveriet.net\/wp-content\/uploads\/2024\/02\/12182487_1090170814327398_6487358019734741751_o-edited-e1708424046612-768x297.jpg 768w, https:\/\/gjestgiveriet.net\/wp-content\/uploads\/2024\/02\/12182487_1090170814327398_6487358019734741751_o-edited-e1708424046612-1536x593.jpg 1536w, https:\/\/gjestgiveriet.net\/wp-content\/uploads\/2024\/02\/12182487_1090170814327398_6487358019734741751_o-edited-e1708424046612-500x193.jpg 500w\" sizes=\"auto, (max-width: 2048px) 100vw, 2048px\" \/><\/figure>\r\n\r\n\r\n\r\n<div class=\"wp-block-spacer\" style=\"height: 75px;\" aria-hidden=\"true\">\u00a0<\/div>\r\n\r\n\r\n\r\n<div class=\"wp-block-columns grid-col is-layout-flex wp-container-core-columns-is-layout-9d6595d7 wp-block-columns-is-layout-flex\">\r\n<div class=\"wp-block-column is-layout-flow wp-block-column-is-layout-flow\">\r\n<h1 class=\"wp-block-heading\">Willkommen im G\u00e4stehaus im Herzen von Hamsuns Reich<\/h1>\r\n<\/div>\r\n\r\n\r\n\r\n<div class=\"wp-block-column is-layout-flow wp-block-column-is-layout-flow\">\r\n<p style=\"font-size: 1.2rem;\">Wir hei\u00dfen alle herzlich willkommen in einem gem\u00fctlichen G\u00e4stehaus mit Fjordcamping, wo Service und Gastfreundschaft unsere Stolz sind. Gelegen in malerischer Umgebung, direkt an der E6 in Hamsuns Hamar\u00f8y, werden Sie als unser Gast eine unvergessliche Erfahrung an einem Ort haben, wo Nordland am sch\u00f6nsten ist.<\/p>\r\n<\/div>\r\n<\/div>\r\n\r\n\r\n\r\n<div class=\"wp-block-spacer\" style=\"height: 120px;\" aria-hidden=\"true\">\u00a0<\/div>\r\n<\/div>\r\n<\/div>\r\n\r\n\r\n\r\n<div class=\"wp-block-columns alignwide custom-margin-frontpage is-layout-flex wp-container-core-columns-is-layout-9d6595d7 wp-block-columns-is-layout-flex\">\r\n<div class=\"wp-block-column has-background is-layout-flow wp-block-column-is-layout-flow\" style=\"background: linear-gradient(135deg,#0693e3 0%,#e7ebe2 0%);\">\r\n<figure class=\"wp-block-image size-full\"><img loading=\"lazy\" decoding=\"async\" class=\"alignnone wp-image-3848\" style=\"aspect-ratio: 4\/3; object-fit: cover;\" src=\"https:\/\/gjestgiveriet.net\/wp-content\/uploads\/2025\/08\/Ulvsvag-Room-6-003.jpg\" alt=\"\" width=\"533\" height=\"400\" srcset=\"https:\/\/gjestgiveriet.net\/wp-content\/uploads\/2025\/08\/Ulvsvag-Room-6-003.jpg 2000w, https:\/\/gjestgiveriet.net\/wp-content\/uploads\/2025\/08\/Ulvsvag-Room-6-003-300x225.jpg 300w, https:\/\/gjestgiveriet.net\/wp-content\/uploads\/2025\/08\/Ulvsvag-Room-6-003-1024x768.jpg 1024w, https:\/\/gjestgiveriet.net\/wp-content\/uploads\/2025\/08\/Ulvsvag-Room-6-003-768x576.jpg 768w, https:\/\/gjestgiveriet.net\/wp-content\/uploads\/2025\/08\/Ulvsvag-Room-6-003-1536x1152.jpg 1536w, https:\/\/gjestgiveriet.net\/wp-content\/uploads\/2025\/08\/Ulvsvag-Room-6-003-500x375.jpg 500w\" sizes=\"auto, (max-width: 533px) 100vw, 533px\" \/><\/figure>\r\n\r\n\r\n\r\n<div class=\"wp-block-spacer\" style=\"height: 30px;\" aria-hidden=\"true\">\u00a0<\/div>\r\n\r\n\r\n\r\n<h3 class=\"wp-block-heading content-container\">Unsere Zimmer<\/h3>\r\n\r\n\r\n\r\n<div class=\"wp-block-spacer\" style=\"height: 10px;\" aria-hidden=\"true\">\u00a0<\/div>\r\n\r\n\r\n\r\n<p class=\"content-container\">Wir haben insgesamt 6 moderne G\u00e4stezimmer im Hauptgeb\u00e4ude, zus\u00e4tzlich zu unseren Familienh\u00fctten, die Schlafzimmer mit bezogenen wei\u00dfen Betten inklusive Handt\u00fcchern, Badezimmer\/WC und ein kleines Wohnzimmer mit Teek\u00fcche bieten.<\/p>\r\n\r\n\r\n\r\n<div class=\"wp-block-columns is-not-stacked-on-mobile content-container is-layout-flex wp-container-core-columns-is-layout-9d6595d7 wp-block-columns-is-layout-flex\">\r\n<div class=\"wp-block-column is-layout-flow wp-block-column-is-layout-flow\" style=\"flex-basis: 20%;\"><div class=\"wp-block-image\">\r\n<figure class=\"aligncenter size-large is-resized\"><img loading=\"lazy\" decoding=\"async\" width=\"34\" height=\"30\" class=\"wp-image-2058\" style=\"aspect-ratio: 1; object-fit: contain; width: 35px;\" src=\"https:\/\/gjestgiveriet.net\/wp-content\/uploads\/2024\/02\/bed-front-light.svg\" alt=\"\" \/><\/figure>\r\n<\/div><\/div>\r\n\r\n\r\n\r\n<div class=\"wp-block-column is-layout-flow wp-block-column-is-layout-flow\" style=\"flex-basis: 66.66%;\">\r\n<p><a href=\"https:\/\/gjestgiveriet.net\/overnatting\/?lang=en\" data-type=\"link\" data-id=\"https:\/\/gjestgiveriet.net\/overnatting\/?lang=en\"><strong>Alle Zimmer anzeigen<\/strong><\/a><\/p>\r\n<\/div>\r\n<\/div>\r\n\r\n\r\n\r\n<div class=\"wp-block-spacer\" style=\"height: 30px;\" aria-hidden=\"true\">\u00a0<\/div>\r\n<\/div>\r\n\r\n\r\n\r\n<div class=\"wp-block-column has-background is-layout-flow wp-block-column-is-layout-flow\" style=\"background: linear-gradient(135deg,#0693e3 0%,#e5ebed 0%);\">\r\n<figure class=\"wp-block-image size-full\"><img loading=\"lazy\" decoding=\"async\" width=\"1137\" height=\"853\" class=\"wp-image-2115\" style=\"aspect-ratio: 4\/3; object-fit: cover;\" src=\"https:\/\/gjestgiveriet.net\/wp-content\/uploads\/2024\/02\/Camping-edited.jpg\" alt=\"\" srcset=\"https:\/\/gjestgiveriet.net\/wp-content\/uploads\/2024\/02\/Camping-edited.jpg 1137w, https:\/\/gjestgiveriet.net\/wp-content\/uploads\/2024\/02\/Camping-edited-300x225.jpg 300w, https:\/\/gjestgiveriet.net\/wp-content\/uploads\/2024\/02\/Camping-edited-1024x768.jpg 1024w, https:\/\/gjestgiveriet.net\/wp-content\/uploads\/2024\/02\/Camping-edited-768x576.jpg 768w, https:\/\/gjestgiveriet.net\/wp-content\/uploads\/2024\/02\/Camping-edited-500x375.jpg 500w\" sizes=\"auto, (max-width: 1137px) 100vw, 1137px\" \/><\/figure>\r\n\r\n\r\n\r\n<div class=\"wp-block-spacer\" style=\"height: 30px;\" aria-hidden=\"true\">\u00a0<\/div>\r\n\r\n\r\n\r\n<h3 class=\"wp-block-heading content-container\">Camping<\/h3>\r\n\r\n\r\n\r\n<div class=\"wp-block-spacer\" style=\"height: 10px;\" aria-hidden=\"true\">\u00a0<\/div>\r\n\r\n\r\n\r\n<p class=\"content-container\">Unten am Campingplatz direkt am Meer erleben Sie eine idyllische Atmosph\u00e4re mit viel Platz, um Ihren Wohnwagen oder Wohnmobil frei zu parken, wo immer Sie sein m\u00f6chten. Das Gleiche gilt, wenn Sie ein Zelt aufstellen m\u00f6chten.<\/p>\r\n\r\n\r\n\r\n<div class=\"wp-block-columns is-not-stacked-on-mobile content-container is-layout-flex wp-container-core-columns-is-layout-9d6595d7 wp-block-columns-is-layout-flex\">\r\n<div class=\"wp-block-column is-layout-flow wp-block-column-is-layout-flow\" style=\"flex-basis: 20%;\"><div class=\"wp-block-image\">\r\n<figure class=\"aligncenter size-large is-resized\"><img loading=\"lazy\" decoding=\"async\" width=\"40\" height=\"32\" class=\"wp-image-2056\" style=\"aspect-ratio: 1; object-fit: contain; width: 35px;\" src=\"https:\/\/gjestgiveriet.net\/wp-content\/uploads\/2024\/02\/rv-light.svg\" alt=\"\" \/><\/figure>\r\n<\/div><\/div>\r\n\r\n\r\n\r\n<div class=\"wp-block-column is-layout-flow wp-block-column-is-layout-flow\" style=\"flex-basis: 66.66%;\">\r\n<p><a href=\"https:\/\/gjestgiveriet.net\/de\/ulvsvag-gjestgiveri-und-fjordcamping\/\" data-type=\"link\" data-id=\"https:\/\/gjestgiveriet.net\/ulvsvag-campingplass\/\"><strong>Mehr \u00fcber den Campingplatz<\/strong><\/a><\/p>\r\n<\/div>\r\n<\/div>\r\n\r\n\r\n\r\n<div class=\"wp-block-spacer\" style=\"height: 30px;\" aria-hidden=\"true\">\u00a0<\/div>\r\n<\/div>\r\n\r\n\r\n\r\n<div class=\"wp-block-column has-background is-layout-flow wp-block-column-is-layout-flow\" style=\"background: linear-gradient(135deg,#0693e3 0%,#eeedf0 0%);\">\r\n<figure class=\"wp-block-image size-full\"><img loading=\"lazy\" decoding=\"async\" class=\"alignnone wp-image-3476 size-full\" style=\"aspect-ratio: 4\/3; object-fit: cover;\" src=\"https:\/\/gjestgiveriet.net\/wp-content\/uploads\/2025\/08\/Ulvsvag-Dining-Room-002.jpg\" alt=\"\" width=\"2000\" height=\"1333\" srcset=\"https:\/\/gjestgiveriet.net\/wp-content\/uploads\/2025\/08\/Ulvsvag-Dining-Room-002.jpg 2000w, https:\/\/gjestgiveriet.net\/wp-content\/uploads\/2025\/08\/Ulvsvag-Dining-Room-002-300x200.jpg 300w, https:\/\/gjestgiveriet.net\/wp-content\/uploads\/2025\/08\/Ulvsvag-Dining-Room-002-1024x682.jpg 1024w, https:\/\/gjestgiveriet.net\/wp-content\/uploads\/2025\/08\/Ulvsvag-Dining-Room-002-768x512.jpg 768w, https:\/\/gjestgiveriet.net\/wp-content\/uploads\/2025\/08\/Ulvsvag-Dining-Room-002-1536x1024.jpg 1536w, https:\/\/gjestgiveriet.net\/wp-content\/uploads\/2025\/08\/Ulvsvag-Dining-Room-002-500x333.jpg 500w\" sizes=\"auto, (max-width: 2000px) 100vw, 2000px\" \/><\/figure>\r\n\r\n\r\n\r\n<div class=\"wp-block-spacer\" style=\"height: 30px;\" aria-hidden=\"true\">\u00a0<\/div>\r\n\r\n\r\n\r\n<h3 class=\"wp-block-heading content-container\">Restaurant &amp; Pub<\/h3>\r\n\r\n\r\n\r\n<div class=\"wp-block-spacer\" style=\"height: 10px;\" aria-hidden=\"true\">\u00a0<\/div>\r\n\r\n\r\n\r\n<p class=\"content-container\">In unserem Caf\u00e9\/Restaurant k\u00f6nnen Sie reichhaltige und k\u00f6stliche traditionelle norwegische Gerichte von unserer \u00e0 la carte Speisekarte bestellen. Wir haben normalerweise frischen Fisch direkt aus dem Vestfjord oder Gefl\u00fcgel- und Fleischgerichte vom Grill.<\/p>\r\n\r\n\r\n\r\n<div class=\"wp-block-columns is-not-stacked-on-mobile content-container is-layout-flex wp-container-core-columns-is-layout-9d6595d7 wp-block-columns-is-layout-flex\">\r\n<div class=\"wp-block-column is-layout-flow wp-block-column-is-layout-flow\" style=\"flex-basis: 20%;\"><div class=\"wp-block-image\">\r\n<figure class=\"aligncenter size-large is-resized\"><img loading=\"lazy\" decoding=\"async\" width=\"36\" height=\"27\" class=\"wp-image-2060\" style=\"aspect-ratio: 1; object-fit: contain; width: 35px;\" src=\"https:\/\/gjestgiveriet.net\/wp-content\/uploads\/2024\/02\/plate-utensils-light.svg\" alt=\"\" \/><\/figure>\r\n<\/div><\/div>\r\n\r\n\r\n\r\n<div class=\"wp-block-column is-layout-flow wp-block-column-is-layout-flow\" style=\"flex-basis: 66.66%;\">\r\n<p><a href=\"https:\/\/gjestgiveriet.net\/de\/restaurant-und-pub\/\" data-type=\"page\" data-id=\"124\"><strong>Lesen Sie \u00fcber das Restaurant und die Kneipe<\/strong><\/a><\/p>\r\n<\/div>\r\n<\/div>\r\n\r\n\r\n\r\n<div class=\"wp-block-spacer\" style=\"height: 30px;\" aria-hidden=\"true\">\u00a0<\/div>\r\n<\/div>\r\n<\/div>\r\n\r\n\r\n\r\n<div class=\"wp-block-columns alignwide is-layout-flex wp-container-core-columns-is-layout-9d6595d7 wp-block-columns-is-layout-flex\">\r\n<div class=\"wp-block-column has-background is-layout-flow wp-block-column-is-layout-flow\" style=\"background: linear-gradient(135deg,#0693e3 0%,#e7ebe2 0%);\">\r\n<figure class=\"wp-block-image size-full\"><img loading=\"lazy\" decoding=\"async\" class=\"alignnone wp-image-3785\" style=\"aspect-ratio: 4\/3; object-fit: cover;\" src=\"https:\/\/gjestgiveriet.net\/wp-content\/uploads\/2025\/08\/Ulvsvag-Room-3-001-1.jpg\" alt=\"\" width=\"600\" height=\"400\" srcset=\"https:\/\/gjestgiveriet.net\/wp-content\/uploads\/2025\/08\/Ulvsvag-Room-3-001-1.jpg 2000w, https:\/\/gjestgiveriet.net\/wp-content\/uploads\/2025\/08\/Ulvsvag-Room-3-001-1-300x200.jpg 300w, https:\/\/gjestgiveriet.net\/wp-content\/uploads\/2025\/08\/Ulvsvag-Room-3-001-1-1024x682.jpg 1024w, https:\/\/gjestgiveriet.net\/wp-content\/uploads\/2025\/08\/Ulvsvag-Room-3-001-1-768x512.jpg 768w, https:\/\/gjestgiveriet.net\/wp-content\/uploads\/2025\/08\/Ulvsvag-Room-3-001-1-1536x1024.jpg 1536w, https:\/\/gjestgiveriet.net\/wp-content\/uploads\/2025\/08\/Ulvsvag-Room-3-001-1-500x333.jpg 500w\" sizes=\"auto, (max-width: 600px) 100vw, 600px\" \/><\/figure>\r\n\r\n\r\n\r\n<div class=\"wp-block-spacer\" style=\"height: 30px;\" aria-hidden=\"true\">\u00a0<\/div>\r\n\r\n\r\n\r\n<h3 class=\"wp-block-heading content-container\">Unsere Kabinen<\/h3>\r\n\r\n\r\n\r\n<div class=\"wp-block-spacer\" style=\"height: 10px;\" aria-hidden=\"true\">\u00a0<\/div>\r\n\r\n\r\n\r\n<p class=\"content-container\">Wir haben insgesamt 6 moderne G\u00e4stezimmer im Hauptgeb\u00e4ude, zus\u00e4tzlich zu unseren Familienh\u00fctten, die Schlafzimmer mit bezogenen wei\u00dfen Betten inklusive Handt\u00fcchern, Badezimmer\/WC und ein kleines Wohnzimmer mit Teek\u00fcche bieten.<\/p>\r\n\r\n\r\n\r\n<div class=\"wp-block-columns is-not-stacked-on-mobile content-container is-layout-flex wp-container-core-columns-is-layout-9d6595d7 wp-block-columns-is-layout-flex\">\r\n<div class=\"wp-block-column is-layout-flow wp-block-column-is-layout-flow\" style=\"flex-basis: 20%;\"><div class=\"wp-block-image\">\r\n<figure class=\"aligncenter size-large is-resized\"><img loading=\"lazy\" decoding=\"async\" width=\"34\" height=\"30\" class=\"wp-image-2058\" style=\"aspect-ratio: 1; object-fit: contain; width: 35px;\" src=\"https:\/\/gjestgiveriet.net\/wp-content\/uploads\/2024\/02\/bed-front-light.svg\" alt=\"\" \/><\/figure>\r\n<\/div><\/div>\r\n\r\n\r\n\r\n<div class=\"wp-block-column is-layout-flow wp-block-column-is-layout-flow\" style=\"flex-basis: 66.66%;\">\r\n<p><a href=\"https:\/\/gjestgiveriet.net\/de\/unsere-kabinen\/\" data-type=\"link\" data-id=\"https:\/\/gjestgiveriet.net\/overnatting\/?lang=en\"><strong>Alle Kabinen anzeigen<\/strong><\/a><\/p>\r\n<\/div>\r\n<\/div>\r\n\r\n\r\n\r\n<div class=\"wp-block-spacer\" style=\"height: 30px;\" aria-hidden=\"true\">\u00a0<\/div>\r\n<\/div>\r\n\r\n\r\n\r\n<div class=\"wp-block-column is-layout-flow wp-block-column-is-layout-flow\">\u00a0<\/div>\r\n\r\n\r\n\r\n<div class=\"wp-block-column is-layout-flow wp-block-column-is-layout-flow\">\u00a0<\/div>\r\n<\/div>\r\n\r\n\r\n\r\n<div class=\"wp-block-spacer\" style=\"height: 50px;\" aria-hidden=\"true\">\u00a0<\/div>\r\n\r\n\r\n\r\n<div class=\"wp-block-group alignfull has-background\" style=\"background: linear-gradient(135deg,#0693e3 0%,#2d4e60 0%);\"><div class=\"wp-block-group__inner-container is-layout-constrained wp-block-group-is-layout-constrained\">\r\n<div class=\"wp-block-spacer\" style=\"height: 100px;\" aria-hidden=\"true\">\u00a0<\/div>\r\n\r\n\r\n\r\n<div class=\"wp-block-group content-container\"><div class=\"wp-block-group__inner-container is-layout-constrained wp-block-group-is-layout-constrained\">\r\n<div class=\"wp-block-columns alignwide is-layout-flex wp-container-core-columns-is-layout-9d6595d7 wp-block-columns-is-layout-flex\">\r\n<div class=\"wp-block-column has-white-color has-text-color has-link-color wp-elements-c6283398df387b8c9c9cf2fea7573458 is-layout-flow wp-block-column-is-layout-flow\" style=\"flex-basis: 45%;\">\r\n<p style=\"font-size: 2rem;\">Ein gem\u00fctliches kleines Hotel mit modernen Zimmern und Fjordcamping direkt am Ufer des Vestfjords.<\/p>\r\n<\/div>\r\n\r\n\r\n\r\n<div class=\"wp-block-column is-layout-flow wp-block-column-is-layout-flow\" style=\"flex-basis: 10%;\">\u00a0<\/div>\r\n\r\n\r\n\r\n<div class=\"wp-block-column content-container is-layout-flow wp-block-column-is-layout-flow\" style=\"flex-basis: 45%;\">\r\n<div class=\"wp-block-spacer\" style=\"height: 10px;\" aria-hidden=\"true\">\u00a0<\/div>\r\n\r\n\r\n\r\n<ul class=\"has-white-color has-text-color has-link-color wp-block-list wp-elements-a4ffd2cc8da5075ba9789ddf27974b38\">\r\n<li style=\"list-style-type: none;\">\r\n<ul class=\"has-white-color has-text-color has-link-color\">\r\n<li>Ein angenehmer Service, der sich um Sie k\u00fcmmert.<\/li>\r\n\r\n\r\n\r\n<li>Gro\u00dfe Speisekarte mit hausgemachten Gerichten aus lokalen Zutaten.<\/li>\r\n\r\n\r\n\r\n<li>Direkt an der E6 gelegen.<\/li>\r\n\r\n\r\n\r\n<li>Fantastischer Blick auf die Lofoten-Berge.<\/li>\r\n\r\n\r\n\r\n<li>Ein kleines Paradies, das Sie besuchen sollten.<\/li>\r\n<\/ul>\r\n<\/li>\r\n<\/ul>\r\n<\/div>\r\n<\/div>\r\n<\/div><\/div>\r\n\r\n\r\n\r\n<div class=\"wp-block-spacer\" style=\"height: 100px;\" aria-hidden=\"true\">\u00a0<\/div>\r\n<\/div><\/div>\r\n\r\n<p>&nbsp;<\/p>\r\n<p>[\/vc_column_text][\/vc_column][\/vc_row]<\/p>","protected":false},"excerpt":{"rendered":"<p>[vc_row][vc_column][vc_column_text] Willkommen im G\u00e4stehaus im Herzen von Hamsuns Reich Wir hei\u00dfen alle herzlich willkommen in einem gem\u00fctlichen G\u00e4stehaus mit Fjordcamping, &#8230;<\/p>\n","protected":false},"author":2,"featured_media":0,"parent":0,"menu_order":0,"comment_status":"closed","ping_status":"closed","template":"","meta":{"_acf_changed":false,"inline_featured_image":false,"footnotes":""},"class_list":["post-2230","page","type-page","status-publish","hentry"],"acf":[],"_links":{"self":[{"href":"https:\/\/gjestgiveriet.net\/de\/wp-json\/wp\/v2\/pages\/2230","targetHints":{"allow":["GET"]}}],"collection":[{"href":"https:\/\/gjestgiveriet.net\/de\/wp-json\/wp\/v2\/pages"}],"about":[{"href":"https:\/\/gjestgiveriet.net\/de\/wp-json\/wp\/v2\/types\/page"}],"author":[{"embeddable":true,"href":"https:\/\/gjestgiveriet.net\/de\/wp-json\/wp\/v2\/users\/2"}],"replies":[{"embeddable":true,"href":"https:\/\/gjestgiveriet.net\/de\/wp-json\/wp\/v2\/comments?post=2230"}],"version-history":[{"count":10,"href":"https:\/\/gjestgiveriet.net\/de\/wp-json\/wp\/v2\/pages\/2230\/revisions"}],"predecessor-version":[{"id":3863,"href":"https:\/\/gjestgiveriet.net\/de\/wp-json\/wp\/v2\/pages\/2230\/revisions\/3863"}],"wp:attachment":[{"href":"https:\/\/gjestgiveriet.net\/de\/wp-json\/wp\/v2\/media?parent=2230"}],"curies":[{"name":"wp","href":"https:\/\/api.w.org\/{rel}","templated":true}]}}